{"id":1105,"date":"2019-10-21T18:04:00","date_gmt":"2019-10-21T16:04:00","guid":{"rendered":"http:\/\/rkvw.ch\/site\/?page_id=1105"},"modified":"2024-06-21T20:56:55","modified_gmt":"2024-06-21T18:56:55","slug":"gastfreundlich","status":"publish","type":"page","link":"https:\/\/rkvw.ch\/site\/gastfreundlich\/","title":{"rendered":"gastfreundlich"},"content":{"rendered":"\n<style type=\"text\/css\" data-created_by=\"avia_inline_auto\" id=\"style-css-av-hlrb5t-4cf51bd4a3d39964ced1a9f214e15d58\">\n.avia-section.av-hlrb5t-4cf51bd4a3d39964ced1a9f214e15d58{\nbackground-repeat:no-repeat;\nbackground-image:url(https:\/\/rkvw.ch\/site\/wp-content\/uploads\/2020\/01\/Gastl7-m-Ausschn\u200b-1.jpg);\nbackground-position:50% 50%;\nbackground-attachment:scroll;\n}\n.avia-section.av-hlrb5t-4cf51bd4a3d39964ced1a9f214e15d58 .av-section-color-overlay{\nopacity:0.2;\nbackground-color:#000000;\n}\n<\/style>\n<div id='av_section_1'  class='avia-section av-hlrb5t-4cf51bd4a3d39964ced1a9f214e15d58 main_color avia-section-large avia-no-shadow  avia-builder-el-0  el_before_av_section  avia-builder-el-first  avia-full-stretch avia-bg-style-scroll av-section-color-overlay-active av-minimum-height av-minimum-height-custom av-height-custom  container_wrap fullsize'  data-section-bg-repeat='stretch' data-av_minimum_height_px='500'><div class=\"av-section-color-overlay-wrap\"><div class=\"av-section-color-overlay\"><\/div><div class='container av-section-cont-open' style='height:500px'><main  role=\"main\" itemprop=\"mainContentOfPage\"  class='template-page content  av-content-full alpha units'><div class='post-entry post-entry-type-page post-entry-1105'><div class='entry-content-wrapper clearfix'>\n<\/div><\/div><\/main><!-- close content main element --><\/div><\/div><\/div><div id='av_section_2'  class='avia-section av-gai4vl-88801e4376ed40691f06acabb6bdadb8 main_color avia-section-small avia-no-border-styling  avia-builder-el-1  el_after_av_section  avia-builder-el-last  avia-bg-style-fixed container_wrap fullsize'  ><div class='container av-section-cont-open' ><div class='template-page content  av-content-full alpha units'><div class='post-entry post-entry-type-page post-entry-1105'><div class='entry-content-wrapper clearfix'>\n<div class='flex_column_table av-e133wh-4ada497a4a054648c4e0859b53dbaa72 sc-av_one_fifth av-equal-height-column-flextable'>\n<style type=\"text\/css\" data-created_by=\"avia_inline_auto\" id=\"style-css-av-e133wh-4ada497a4a054648c4e0859b53dbaa72\">\n#top .flex_column_table.av-equal-height-column-flextable.av-e133wh-4ada497a4a054648c4e0859b53dbaa72{\nmargin-top:-60px;\nmargin-bottom:0px;\n}\n.flex_column.av-e133wh-4ada497a4a054648c4e0859b53dbaa72{\nborder-radius:0px 0px 0px 0px;\npadding:30px 30px 30px 30px;\nbackground-color:#ffffff;\n}\n<\/style>\n<div  class='flex_column av-e133wh-4ada497a4a054648c4e0859b53dbaa72 av_one_fifth  avia-builder-el-2  el_before_av_three_fifth  avia-builder-el-first  first no_margin flex_column_table_cell av-equal-height-column av-align-top  '     ><\/div>\n<style type=\"text\/css\" data-created_by=\"avia_inline_auto\" id=\"style-css-av-d68n1t-002e4598e9d9220753cb7136514999e1\">\n#top .flex_column_table.av-equal-height-column-flextable.av-d68n1t-002e4598e9d9220753cb7136514999e1{\nmargin-top:-60px;\nmargin-bottom:0px;\n}\n.flex_column.av-d68n1t-002e4598e9d9220753cb7136514999e1{\nborder-radius:0px 0px 0px 0px;\npadding:30px 30px 30px 30px;\nbackground-color:#ffffff;\n}\n<\/style>\n<div  class='flex_column av-d68n1t-002e4598e9d9220753cb7136514999e1 av_three_fifth  avia-builder-el-3  el_after_av_one_fifth  el_before_av_one_fifth  no_margin flex_column_table_cell av-equal-height-column av-align-top  '     ><p>\n<style type=\"text\/css\" data-created_by=\"avia_inline_auto\" id=\"style-css-av-ay91xd-c35efa57e9f3f3a36c3de4549183939b\">\n#top .hr.hr-invisible.av-ay91xd-c35efa57e9f3f3a36c3de4549183939b{\nheight:30px;\n}\n<\/style>\n<div  class='hr av-ay91xd-c35efa57e9f3f3a36c3de4549183939b hr-invisible  avia-builder-el-4  el_before_av_heading  avia-builder-el-first  av-small-hide av-mini-hide'><span class='hr-inner '><span class=\"hr-inner-style\"><\/span><\/span><\/div><br \/>\n\n<style type=\"text\/css\" data-created_by=\"avia_inline_auto\" id=\"style-css-av-9ru4sh-0fed997e0ede189be5fe0d48a8a7bb6b\">\n#top .av-special-heading.av-9ru4sh-0fed997e0ede189be5fe0d48a8a7bb6b{\npadding-bottom:0;\nfont-size:20px;\n}\nbody .av-special-heading.av-9ru4sh-0fed997e0ede189be5fe0d48a8a7bb6b .av-special-heading-tag .heading-char{\nfont-size:25px;\n}\n#top #wrap_all .av-special-heading.av-9ru4sh-0fed997e0ede189be5fe0d48a8a7bb6b .av-special-heading-tag{\nfont-size:20px;\n}\n.av-special-heading.av-9ru4sh-0fed997e0ede189be5fe0d48a8a7bb6b .av-subheading{\nfont-size:15px;\n}\n\n@media only screen and (min-width: 480px) and (max-width: 767px){ \n#top #wrap_all .av-special-heading.av-9ru4sh-0fed997e0ede189be5fe0d48a8a7bb6b .av-special-heading-tag{\nfont-size:0.8em;\n}\n}\n\n@media only screen and (max-width: 479px){ \n#top #wrap_all .av-special-heading.av-9ru4sh-0fed997e0ede189be5fe0d48a8a7bb6b .av-special-heading-tag{\nfont-size:0.8em;\n}\n}\n<\/style>\n<div  class='av-special-heading av-9ru4sh-0fed997e0ede189be5fe0d48a8a7bb6b av-special-heading-h1 blockquote modern-quote  avia-builder-el-5  el_after_av_hr  el_before_av_textblock  av-inherit-size'><h1 class='av-special-heading-tag '  itemprop=\"headline\"  >gastfreundlich<\/h1><div class=\"special-heading-border\"><div class=\"special-heading-inner-border\"><\/div><\/div><\/div><br \/>\n<section  class='av_textblock_section av-7bjrht-8d0450dd084f776566bfd07f379aa10f '   itemscope=\"itemscope\" itemtype=\"https:\/\/schema.org\/CreativeWork\" ><div class='avia_textblock'  itemprop=\"text\" ><p>Christliches Leben ist immer Leben in einer Gemeinschaft. Dazu geh\u00f6rt auch das Zusammensein bei Speis und Trank oder bei einem Kaffee. Gemeinschaft bildet sich, wenn die Menschen nach dem Gottesdienst oder nach einer Veranstaltung sich nicht gleich in alle Richtungen zerstreuen, sondern sich beim Chilekafi, bei einem Gemeindemittagessen oder einem kleinen Ap\u00e9ro noch zusammensetzen und das Erlebte und Geh\u00f6rte vertiefen k\u00f6nnen.<\/p>\n<p>Der Reformierte Kirchenverein Wollishofen pflegt diese Gastlichkeit bei seinen eigenen Veranstaltungen und unterst\u00fctzt die Kirche vor Ort durch die Bereitstellung von einfachen kulinarischen Angeboten rund um Gottesdienste oder andere kirchliche Aktivit\u00e4ten.<\/p>\n<\/div><\/section><br \/>\n<div  class='hr av-60entd-2a0f8ff85a407c7a6b714ab085951dcc hr-default  avia-builder-el-7  el_after_av_textblock  el_before_av_blog '><span class='hr-inner '><span class=\"hr-inner-style\"><\/span><\/span><\/div><br \/>\n<div  class='av-alb-blogposts template-blog  av-blog-meta-author-disabled av-blog-meta-comments-disabled av-blog-meta-category-disabled av-blog-meta-date-disabled av-blog-meta-html-info-disabled av-blog-meta-tag-disabled '  itemscope=\"itemscope\" itemtype=\"https:\/\/schema.org\/Blog\" ><article class=\"post-entry post-entry-type-standard post-entry-103 post-loop-1 post-parity-odd post-entry-last single-big  post-103 post type-post status-publish format-gallery hentry category-gastfreundlich post_format-post-format-gallery\"  itemscope=\"itemscope\" itemtype=\"https:\/\/schema.org\/BlogPosting\" ><div class=\"blog-meta\"><\/div><div class='entry-content-wrapper clearfix standard-content'><header class=\"entry-content-header\" aria-label=\"Post: Einblicke\"><div class=\"av-heading-wrapper\"><h2 class='post-title entry-title '  itemprop=\"headline\" ><a href=\"https:\/\/rkvw.ch\/site\/thema-zwei\/\" rel=\"bookmark\" title=\"Permanenter Link zu: Einblicke\">Einblicke<span class=\"post-format-icon minor-meta\"><\/span><\/a><\/h2><span class=\"blog-categories minor-meta\"><a href=\"https:\/\/rkvw.ch\/site\/category\/gastfreundlich\/\" rel=\"tag\">gastfreundlich<\/a><\/span><\/div><\/header><span class=\"av-vertical-delimiter\"><\/span><div class=\"entry-content\"  itemprop=\"text\" ><p>Zwingli zu vermieten Drei spannende Theaterszenen, gute Diskussionen und ein feiner Ap\u00e9ro auf dem wundersch\u00f6nen Vorplatz der Kirche auf der Egg<\/p>\n<div class=\"read-more-link\"><a href=\"https:\/\/rkvw.ch\/site\/thema-zwei\/\" class=\"more-link\">Weiterlesen<span class='more-link-arrow avia-svg-icon avia-font-svg_entypo-fontello' data-av_svg_icon='right-open-big' data-av_iconset='svg_entypo-fontello'><svg version=\"1.1\" xmlns=\"http:\/\/www.w3.org\/2000\/svg\" width=\"15\" height=\"32\" viewBox=\"0 0 15 32\" preserveAspectRatio=\"xMidYMid meet\" role=\"graphics-symbol\" aria-hidden=\"true\">\n<path d=\"M0.416 27.84l11.456-11.84-11.456-11.904q-0.832-0.832 0-1.536 0.832-0.832 1.536 0l12.544 12.608q0.768 0.832 0 1.6l-12.544 12.608q-0.704 0.832-1.536 0-0.832-0.704 0-1.536z\"><\/path>\n<\/svg><\/span><\/a><\/div>\n<\/div><span class=\"post-meta-infos\"><\/span><footer class=\"entry-footer\"><\/footer><div class='post_delimiter'><\/div><\/div><div class=\"post_author_timeline\"><\/div><span class='hidden'>\n\t\t\t\t<span class='av-structured-data'  itemprop=\"image\" itemscope=\"itemscope\" itemtype=\"https:\/\/schema.org\/ImageObject\" >\n\t\t\t\t\t\t<span itemprop='url'>https:\/\/rkvw.ch\/site\/wp-content\/uploads\/2019\/11\/logo-5.png<\/span>\n\t\t\t\t\t\t<span itemprop='height'>0<\/span>\n\t\t\t\t\t\t<span itemprop='width'>0<\/span>\n\t\t\t\t<\/span>\n\t\t\t\t<span class='av-structured-data'  itemprop=\"publisher\" itemtype=\"https:\/\/schema.org\/Organization\" itemscope=\"itemscope\" >\n\t\t\t\t\t\t<span itemprop='name'>mail@claudiawehrli.ch<\/span>\n\t\t\t\t\t\t<span itemprop='logo' itemscope itemtype='https:\/\/schema.org\/ImageObject'>\n\t\t\t\t\t\t\t<span itemprop='url'>https:\/\/rkvw.ch\/site\/wp-content\/uploads\/2019\/11\/logo-5.png<\/span>\n\t\t\t\t\t\t<\/span>\n\t\t\t\t<\/span><span class='av-structured-data'  itemprop=\"author\" itemscope=\"itemscope\" itemtype=\"https:\/\/schema.org\/Person\" ><span itemprop='name'>mail@claudiawehrli.ch<\/span><\/span><span class='av-structured-data'  itemprop=\"datePublished\" datetime=\"2013-01-24T18:20:21+01:00\" >2013-01-24 18:20:21<\/span><span class='av-structured-data'  itemprop=\"dateModified\" itemtype=\"https:\/\/schema.org\/dateModified\" >2020-02-07 00:14:17<\/span><span class='av-structured-data'  itemprop=\"mainEntityOfPage\" itemtype=\"https:\/\/schema.org\/mainEntityOfPage\" ><span itemprop='name'>Einblicke<\/span><\/span><\/span><\/article><div class='single-big'><\/div><\/div><\/p><\/div>\n<style type=\"text\/css\" data-created_by=\"avia_inline_auto\" id=\"style-css-av-36cbkx-e956eed15a3ed42da6450b4470b64f1f\">\n#top .flex_column_table.av-equal-height-column-flextable.av-36cbkx-e956eed15a3ed42da6450b4470b64f1f{\nmargin-top:-60px;\nmargin-bottom:0px;\n}\n.flex_column.av-36cbkx-e956eed15a3ed42da6450b4470b64f1f{\nborder-radius:0px 0px 0px 0px;\npadding:30px 30px 30px 30px;\nbackground-color:#ffffff;\n}\n<\/style>\n<div  class='flex_column av-36cbkx-e956eed15a3ed42da6450b4470b64f1f av_one_fifth no_margin flex_column_table_cell av-equal-height-column av-align-top  '     ><\/div><\/div><!--close column table wrapper. Autoclose: 1 -->\n","protected":false},"excerpt":{"rendered":"","protected":false},"author":1,"featured_media":0,"parent":0,"menu_order":0,"comment_status":"closed","ping_status":"closed","template":"","meta":{"_EventAllDay":false,"_EventTimezone":"","_EventStartDate":"","_EventEndDate":"","_EventStartDateUTC":"","_EventEndDateUTC":"","_EventShowMap":false,"_EventShowMapLink":false,"_EventURL":"","_EventCost":"","_EventCostDescription":"","_EventCurrencySymbol":"","_EventCurrencyCode":"","_EventCurrencyPosition":"","_EventDateTimeSeparator":"","_EventTimeRangeSeparator":"","_EventOrganizerID":[],"_EventVenueID":[],"_OrganizerEmail":"","_OrganizerPhone":"","_OrganizerWebsite":"","_VenueAddress":"","_VenueCity":"","_VenueCountry":"","_VenueProvince":"","_VenueState":"","_VenueZip":"","_VenuePhone":"","_VenueURL":"","_VenueStateProvince":"","_VenueLat":"","_VenueLng":"","_VenueShowMap":false,"_VenueShowMapLink":false,"footnotes":""},"class_list":["post-1105","page","type-page","status-publish","hentry"],"yoast_head":"<!-- This site is optimized with the Yoast SEO plugin v27.4 - https:\/\/yoast.com\/product\/yoast-seo-wordpress\/ -->\n<title>gastfreundlich - Reformierter Kirchenverein Wollishofen<\/title>\n<meta name=\"description\" content=\"Christliches Leben ist immer Leben in einer Gemeinschaft.\" \/>\n<meta name=\"robots\" content=\"index, follow, max-snippet:-1, max-image-preview:large, max-video-preview:-1\" \/>\n<link rel=\"canonical\" href=\"https:\/\/rkvw.ch\/site\/gastfreundlich\/\" \/>\n<meta property=\"og:locale\" content=\"de_DE\" \/>\n<meta property=\"og:type\" content=\"article\" \/>\n<meta property=\"og:title\" content=\"gastfreundlich - Reformierter Kirchenverein Wollishofen\" \/>\n<meta property=\"og:description\" content=\"Christliches Leben ist immer Leben in einer Gemeinschaft.\" \/>\n<meta property=\"og:url\" content=\"https:\/\/rkvw.ch\/site\/gastfreundlich\/\" \/>\n<meta property=\"og:site_name\" content=\"Reformierter Kirchenverein Wollishofen\" \/>\n<meta property=\"article:modified_time\" content=\"2024-06-21T18:56:55+00:00\" \/>\n<meta name=\"twitter:card\" content=\"summary_large_image\" \/>\n<meta name=\"twitter:label1\" content=\"Gesch\u00e4tzte Lesezeit\" \/>\n\t<meta name=\"twitter:data1\" content=\"1\u00a0Minute\" \/>\n<script type=\"application\/ld+json\" class=\"yoast-schema-graph\">{\"@context\":\"https:\\\/\\\/schema.org\",\"@graph\":[{\"@type\":\"WebPage\",\"@id\":\"https:\\\/\\\/rkvw.ch\\\/site\\\/gastfreundlich\\\/\",\"url\":\"https:\\\/\\\/rkvw.ch\\\/site\\\/gastfreundlich\\\/\",\"name\":\"gastfreundlich - Reformierter Kirchenverein Wollishofen\",\"isPartOf\":{\"@id\":\"https:\\\/\\\/rkvw.ch\\\/site\\\/#website\"},\"datePublished\":\"2019-10-21T16:04:00+00:00\",\"dateModified\":\"2024-06-21T18:56:55+00:00\",\"description\":\"Christliches Leben ist immer Leben in einer Gemeinschaft.\",\"breadcrumb\":{\"@id\":\"https:\\\/\\\/rkvw.ch\\\/site\\\/gastfreundlich\\\/#breadcrumb\"},\"inLanguage\":\"de\",\"potentialAction\":[{\"@type\":\"ReadAction\",\"target\":[\"https:\\\/\\\/rkvw.ch\\\/site\\\/gastfreundlich\\\/\"]}]},{\"@type\":\"BreadcrumbList\",\"@id\":\"https:\\\/\\\/rkvw.ch\\\/site\\\/gastfreundlich\\\/#breadcrumb\",\"itemListElement\":[{\"@type\":\"ListItem\",\"position\":1,\"name\":\"Startseite\",\"item\":\"https:\\\/\\\/rkvw.ch\\\/site\\\/\"},{\"@type\":\"ListItem\",\"position\":2,\"name\":\"gastfreundlich\"}]},{\"@type\":\"WebSite\",\"@id\":\"https:\\\/\\\/rkvw.ch\\\/site\\\/#website\",\"url\":\"https:\\\/\\\/rkvw.ch\\\/site\\\/\",\"name\":\"Reformierter Kirchenverein Wollishofen\",\"description\":\"\",\"publisher\":{\"@id\":\"https:\\\/\\\/rkvw.ch\\\/site\\\/#organization\"},\"potentialAction\":[{\"@type\":\"SearchAction\",\"target\":{\"@type\":\"EntryPoint\",\"urlTemplate\":\"https:\\\/\\\/rkvw.ch\\\/site\\\/?s={search_term_string}\"},\"query-input\":{\"@type\":\"PropertyValueSpecification\",\"valueRequired\":true,\"valueName\":\"search_term_string\"}}],\"inLanguage\":\"de\"},{\"@type\":\"Organization\",\"@id\":\"https:\\\/\\\/rkvw.ch\\\/site\\\/#organization\",\"name\":\"Reformierter Kirchenverein Wollishofen\",\"url\":\"https:\\\/\\\/rkvw.ch\\\/site\\\/\",\"logo\":{\"@type\":\"ImageObject\",\"inLanguage\":\"de\",\"@id\":\"https:\\\/\\\/rkvw.ch\\\/site\\\/#\\\/schema\\\/logo\\\/image\\\/\",\"url\":\"https:\\\/\\\/rkvw.ch\\\/site\\\/wp-content\\\/uploads\\\/2019\\\/11\\\/logo-5.png\",\"contentUrl\":\"https:\\\/\\\/rkvw.ch\\\/site\\\/wp-content\\\/uploads\\\/2019\\\/11\\\/logo-5.png\",\"width\":898,\"height\":283,\"caption\":\"Reformierter Kirchenverein Wollishofen\"},\"image\":{\"@id\":\"https:\\\/\\\/rkvw.ch\\\/site\\\/#\\\/schema\\\/logo\\\/image\\\/\"}}]}<\/script>\n<!-- \/ Yoast SEO plugin. -->","yoast_head_json":{"title":"gastfreundlich - Reformierter Kirchenverein Wollishofen","description":"Christliches Leben ist immer Leben in einer Gemeinschaft.","robots":{"index":"index","follow":"follow","max-snippet":"max-snippet:-1","max-image-preview":"max-image-preview:large","max-video-preview":"max-video-preview:-1"},"canonical":"https:\/\/rkvw.ch\/site\/gastfreundlich\/","og_locale":"de_DE","og_type":"article","og_title":"gastfreundlich - Reformierter Kirchenverein Wollishofen","og_description":"Christliches Leben ist immer Leben in einer Gemeinschaft.","og_url":"https:\/\/rkvw.ch\/site\/gastfreundlich\/","og_site_name":"Reformierter Kirchenverein Wollishofen","article_modified_time":"2024-06-21T18:56:55+00:00","twitter_card":"summary_large_image","twitter_misc":{"Gesch\u00e4tzte Lesezeit":"1\u00a0Minute"},"schema":{"@context":"https:\/\/schema.org","@graph":[{"@type":"WebPage","@id":"https:\/\/rkvw.ch\/site\/gastfreundlich\/","url":"https:\/\/rkvw.ch\/site\/gastfreundlich\/","name":"gastfreundlich - Reformierter Kirchenverein Wollishofen","isPartOf":{"@id":"https:\/\/rkvw.ch\/site\/#website"},"datePublished":"2019-10-21T16:04:00+00:00","dateModified":"2024-06-21T18:56:55+00:00","description":"Christliches Leben ist immer Leben in einer Gemeinschaft.","breadcrumb":{"@id":"https:\/\/rkvw.ch\/site\/gastfreundlich\/#breadcrumb"},"inLanguage":"de","potentialAction":[{"@type":"ReadAction","target":["https:\/\/rkvw.ch\/site\/gastfreundlich\/"]}]},{"@type":"BreadcrumbList","@id":"https:\/\/rkvw.ch\/site\/gastfreundlich\/#breadcrumb","itemListElement":[{"@type":"ListItem","position":1,"name":"Startseite","item":"https:\/\/rkvw.ch\/site\/"},{"@type":"ListItem","position":2,"name":"gastfreundlich"}]},{"@type":"WebSite","@id":"https:\/\/rkvw.ch\/site\/#website","url":"https:\/\/rkvw.ch\/site\/","name":"Reformierter Kirchenverein Wollishofen","description":"","publisher":{"@id":"https:\/\/rkvw.ch\/site\/#organization"},"potentialAction":[{"@type":"SearchAction","target":{"@type":"EntryPoint","urlTemplate":"https:\/\/rkvw.ch\/site\/?s={search_term_string}"},"query-input":{"@type":"PropertyValueSpecification","valueRequired":true,"valueName":"search_term_string"}}],"inLanguage":"de"},{"@type":"Organization","@id":"https:\/\/rkvw.ch\/site\/#organization","name":"Reformierter Kirchenverein Wollishofen","url":"https:\/\/rkvw.ch\/site\/","logo":{"@type":"ImageObject","inLanguage":"de","@id":"https:\/\/rkvw.ch\/site\/#\/schema\/logo\/image\/","url":"https:\/\/rkvw.ch\/site\/wp-content\/uploads\/2019\/11\/logo-5.png","contentUrl":"https:\/\/rkvw.ch\/site\/wp-content\/uploads\/2019\/11\/logo-5.png","width":898,"height":283,"caption":"Reformierter Kirchenverein Wollishofen"},"image":{"@id":"https:\/\/rkvw.ch\/site\/#\/schema\/logo\/image\/"}}]}},"_links":{"self":[{"href":"https:\/\/rkvw.ch\/site\/wp-json\/wp\/v2\/pages\/1105","targetHints":{"allow":["GET"]}}],"collection":[{"href":"https:\/\/rkvw.ch\/site\/wp-json\/wp\/v2\/pages"}],"about":[{"href":"https:\/\/rkvw.ch\/site\/wp-json\/wp\/v2\/types\/page"}],"author":[{"embeddable":true,"href":"https:\/\/rkvw.ch\/site\/wp-json\/wp\/v2\/users\/1"}],"replies":[{"embeddable":true,"href":"https:\/\/rkvw.ch\/site\/wp-json\/wp\/v2\/comments?post=1105"}],"version-history":[{"count":23,"href":"https:\/\/rkvw.ch\/site\/wp-json\/wp\/v2\/pages\/1105\/revisions"}],"predecessor-version":[{"id":2369,"href":"https:\/\/rkvw.ch\/site\/wp-json\/wp\/v2\/pages\/1105\/revisions\/2369"}],"wp:attachment":[{"href":"https:\/\/rkvw.ch\/site\/wp-json\/wp\/v2\/media?parent=1105"}],"curies":[{"name":"wp","href":"https:\/\/api.w.org\/{rel}","templated":true}]}}