{"id":1121,"date":"2019-10-21T18:09:47","date_gmt":"2019-10-21T16:09:47","guid":{"rendered":"http:\/\/rkvw.ch\/site\/?page_id=1121"},"modified":"2020-02-26T11:48:00","modified_gmt":"2020-02-26T10:48:00","slug":"impressum","status":"publish","type":"page","link":"https:\/\/rkvw.ch\/site\/impressum\/","title":{"rendered":"Impressum"},"content":{"rendered":"<div id='av_section_1'  class='avia-section av-av_section-b001219e74ae2461ab104eabac48a238 main_color avia-section-small avia-no-border-styling  avia-builder-el-0  avia-builder-el-no-sibling  avia-bg-style-fixed container_wrap fullsize'  ><div class='container av-section-cont-open' ><main  role=\"main\" itemprop=\"mainContentOfPage\"  class='template-page content  av-content-full alpha units'><div class='post-entry post-entry-type-page post-entry-1121'><div class='entry-content-wrapper clearfix'>\n<div class='flex_column_table av-av_one_fifth-5f3168a51d5fa576b4e7522cc28bd779 sc-av_one_fifth av-equal-height-column-flextable'>\n<style type=\"text\/css\" data-created_by=\"avia_inline_auto\" id=\"style-css-av-av_one_fifth-5f3168a51d5fa576b4e7522cc28bd779\">\n#top .flex_column_table.av-equal-height-column-flextable.av-av_one_fifth-5f3168a51d5fa576b4e7522cc28bd779{\nmargin-top:-60px;\nmargin-bottom:0px;\n}\n.flex_column.av-av_one_fifth-5f3168a51d5fa576b4e7522cc28bd779{\nborder-radius:0px 0px 0px 0px;\npadding:30px 30px 30px 30px;\nbackground-color:#ffffff;\n}\n<\/style>\n<div  class='flex_column av-av_one_fifth-5f3168a51d5fa576b4e7522cc28bd779 av_one_fifth  avia-builder-el-1  el_before_av_three_fifth  avia-builder-el-first  first no_margin flex_column_table_cell av-equal-height-column av-align-top  '     ><\/div>\n<style type=\"text\/css\" data-created_by=\"avia_inline_auto\" id=\"style-css-av-av_three_fifth-a456fd61927d1e2e9f32f09496263404\">\n#top .flex_column_table.av-equal-height-column-flextable.av-av_three_fifth-a456fd61927d1e2e9f32f09496263404{\nmargin-top:-60px;\nmargin-bottom:0px;\n}\n.flex_column.av-av_three_fifth-a456fd61927d1e2e9f32f09496263404{\nborder-radius:0px 0px 0px 0px;\npadding:30px 30px 30px 30px;\nbackground-color:#ffffff;\n}\n<\/style>\n<div  class='flex_column av-av_three_fifth-a456fd61927d1e2e9f32f09496263404 av_three_fifth  avia-builder-el-2  el_after_av_one_fifth  el_before_av_one_fifth  no_margin flex_column_table_cell av-equal-height-column av-align-top  '     ><p>\n<style type=\"text\/css\" data-created_by=\"avia_inline_auto\" id=\"style-css-av-av_hr-b5ffacfaca09c8e15e1970926a5243f3\">\n#top .hr.hr-invisible.av-av_hr-b5ffacfaca09c8e15e1970926a5243f3{\nheight:30px;\n}\n<\/style>\n<div  class='hr av-av_hr-b5ffacfaca09c8e15e1970926a5243f3 hr-invisible  avia-builder-el-3  el_before_av_heading  avia-builder-el-first '><span class='hr-inner '><span class=\"hr-inner-style\"><\/span><\/span><\/div><br \/>\n\n<style type=\"text\/css\" data-created_by=\"avia_inline_auto\" id=\"style-css-av-av_heading-b659357b117df19ab4a623bc52aa458e\">\n#top .av-special-heading.av-av_heading-b659357b117df19ab4a623bc52aa458e{\npadding-bottom:0;\nfont-size:20px;\n}\nbody .av-special-heading.av-av_heading-b659357b117df19ab4a623bc52aa458e .av-special-heading-tag .heading-char{\nfont-size:25px;\n}\n#top #wrap_all .av-special-heading.av-av_heading-b659357b117df19ab4a623bc52aa458e .av-special-heading-tag{\nfont-size:20px;\n}\n.av-special-heading.av-av_heading-b659357b117df19ab4a623bc52aa458e .av-subheading{\nfont-size:15px;\n}\n\n@media only screen and (min-width: 480px) and (max-width: 767px){ \n#top #wrap_all .av-special-heading.av-av_heading-b659357b117df19ab4a623bc52aa458e .av-special-heading-tag{\nfont-size:0.8em;\n}\n}\n\n@media only screen and (max-width: 479px){ \n#top #wrap_all .av-special-heading.av-av_heading-b659357b117df19ab4a623bc52aa458e .av-special-heading-tag{\nfont-size:0.8em;\n}\n}\n<\/style>\n<div  class='av-special-heading av-av_heading-b659357b117df19ab4a623bc52aa458e av-special-heading-h1 blockquote modern-quote  avia-builder-el-4  el_after_av_hr  el_before_av_textblock  av-inherit-size'><h1 class='av-special-heading-tag '  itemprop=\"headline\"  >Impressum<\/h1><div class=\"special-heading-border\"><div class=\"special-heading-inner-border\"><\/div><\/div><\/div><br \/>\n<section  class='av_textblock_section av-av_textblock-2de302bf1aa3cf4c9157dbe6f50ac7eb '   itemscope=\"itemscope\" itemtype=\"https:\/\/schema.org\/CreativeWork\" ><div class='avia_textblock'  itemprop=\"text\" ><p><strong>Inhaltliche Verantwortung und Konzept<\/strong><br \/>\nHansj\u00fcrg B\u00fcchi, Alte Kalchb\u00fchlstr. 17, 8038 Z\u00fcrich; +41 (0)79 631 05 40<\/p>\n<p><strong>Konzept und Webdesign<\/strong><br \/>\nClaudia Wehrli, Garnmarkt 1, 8400 Winterthur; +41 (0)52 204 07 26;\u00a0<a href=\"http:\/\/www.claudiawehrli.ch\/\">www.claudiawehrli.ch<\/a><\/p>\n<p><strong>Urheberrechte<\/strong><br \/>\nDer gesamte Inhalt dieser Webseite, wie z.B. Texte, Grafiken, Logos, Piktogramme, Bilder, Audioclips, digitale Downloads, Datensammlungen und Software, ist Eigentum des Reformierten Kirchenvereins Wollishofen bzw. der Urheber und Lieferanten des entsprechenden Inhalts und als solches urheberrechtlich gesch\u00fctzt. Die Rechte Dritter, insbesondere weiterer Rechtsinhaber, bleiben ausdr\u00fccklich vorbehalten. Die zur Verf\u00fcgung gestellten Informationen d\u00fcrfen deshalb nur angesehen, zum Eigengebrauch heruntergeladen und ausgedruckt werden. Damit werden jedoch keine weiteren Rechte bez\u00fcglich der Inhalte \u00fcbertragen. Wo nicht anders bezeichnet, ist eine weiter gehende Verwendung nur mit ausdr\u00fccklicher Genehmigung des Reformierten Kirchenvereins Wollishofen und s\u00e4mtlicher Urheber und Rechtsinhaber m\u00f6glich.<\/p>\n<p><strong>E-Mail-Kommunikation<\/strong><br \/>\nDie E-Mail-Kommunikation mit dem Herausgeber findet derzeit offen und unverschl\u00fcsselt statt. Es kann somit nicht ausgeschlossen werden, dass so gesendete Daten von Dritten eingesehen und Kontaktaufnahmen zu unserer Institution nachvollzogen werden k\u00f6nnen. Zudem zirkulieren die Daten unter Umst\u00e4nden grenz\u00fcberschreitend, selbst wenn sich Sender und Empf\u00e4nger im gleichen Staat befinden. Die Diskretion bei der Kommunikation via E-Mail ist somit nicht gew\u00e4hrleistet.<\/p>\n<p><strong>Datenschutz<\/strong><br \/>\nGest\u00fctzt auf Artikel 13 der schweizerischen Bundesverfassung und die datenschutzrechtlichen Bestimmungen des Bundes (Datenschutzgesetz, DSG) hat jede Person Anspruch auf Schutz ihrer Privatsph\u00e4re sowie auf Schutz vor Missbrauch ihrer pers\u00f6nlichen Daten. Wir halten diese Bestimmungen ein. Pers\u00f6nliche Daten werden streng vertraulich behandelt und weder an Dritte verkauft noch weiter gegeben.<\/p>\n<p><strong>Disclaimer \/ Haftungsausschluss<\/strong><\/p>\n<p>Obwohl der Website-Inhaber alle Sorgfalt darauf verwendet hat, dass die Informationen auf der Site zum Zeitpunkt der Ver\u00f6ffentlichung korrekt sind, kann er keine Zusicherung oder Gew\u00e4hrleistung (auch gegen\u00fcber Dritten) hinsichtlich der Genauigkeit, Zuverl\u00e4ssigkeit, Vollst\u00e4ndigkeit und Qualit\u00e4t der bereitgestellten Informationen \u00fcbernehmen. In keinem Fall haftet der Website-Inhaber f\u00fcr Verluste oder Sch\u00e4den materieller oder immaterieller Art, die sich aus oder im Zusammenhang mit der Nutzung oder Nichtnutzung der angebotenen Informationen beziehungsweise durch die Nutzung fehlerhafter oder unvollst\u00e4ndiger Informationen ergeben k\u00f6nnen.<\/p>\n<p>Der Website-Inhaber beh\u00e4lt sich ausdr\u00fccklich vor, jederzeit Inhalte ohne Ank\u00fcndigung ganz oder teilweise zu \u00e4ndern, zu l\u00f6schen oder zeitweise nicht zu ver\u00f6ffentlichen. Der Website-Inhaber hat auf fremde, das heisst nicht auf seinen Servern oder in seinem Einflussbereich liegende Websites, die mit dieser Website \u00fcber Verkn\u00fcpfungen (Hyperlinks) allenfalls verbunden sind, keinen Einfluss und \u00fcbernimmt keine Verantwortung f\u00fcr deren Inhalte, die darauf angebotenen Produkte, Dienstleistungen oder sonstigen Angebote sowie f\u00fcr Sch\u00e4den aus dem Besuch von verlinkten Homepages. Es ist nicht m\u00f6glich, die verlinkten Webseiten laufend zu \u00fcberpr\u00fcfen. Sollte auf einer der verlinkten Webseiten ein unrechtm\u00e4ssiger Inhalt erscheinen oder eine Information, die nicht dem neuesten Stand entspricht, \u00fcbernimmt der Website-Inhaber keine Haftung. Sobald der Website-Inhaber von fragw\u00fcrdigen Inhalten auf den verlinkten Webseiten erf\u00e4hrt, wird der Link umgehend entfernt.<\/p>\n<\/div><\/section><\/p><\/div>\n<style type=\"text\/css\" data-created_by=\"avia_inline_auto\" id=\"style-css-av-av_one_fifth-a456fd61927d1e2e9f32f09496263404\">\n#top .flex_column_table.av-equal-height-column-flextable.av-av_one_fifth-a456fd61927d1e2e9f32f09496263404{\nmargin-top:-60px;\nmargin-bottom:0px;\n}\n.flex_column.av-av_one_fifth-a456fd61927d1e2e9f32f09496263404{\nborder-radius:0px 0px 0px 0px;\npadding:30px 30px 30px 30px;\nbackground-color:#ffffff;\n}\n<\/style>\n<div  class='flex_column av-av_one_fifth-a456fd61927d1e2e9f32f09496263404 av_one_fifth  avia-builder-el-6  el_after_av_three_fifth  avia-builder-el-last  no_margin flex_column_table_cell av-equal-height-column av-align-top  '     ><\/div><\/div><!--close column table wrapper. Autoclose: 1 -->\n","protected":false},"excerpt":{"rendered":"","protected":false},"author":1,"featured_media":0,"parent":0,"menu_order":0,"comment_status":"closed","ping_status":"closed","template":"","meta":{"_EventAllDay":false,"_EventTimezone":"","_EventStartDate":"","_EventEndDate":"","_EventStartDateUTC":"","_EventEndDateUTC":"","_EventShowMap":false,"_EventShowMapLink":false,"_EventURL":"","_EventCost":"","_EventCostDescription":"","_EventCurrencySymbol":"","_EventCurrencyCode":"","_EventCurrencyPosition":"","_EventDateTimeSeparator":"","_EventTimeRangeSeparator":"","_EventOrganizerID":[],"_EventVenueID":[],"_OrganizerEmail":"","_OrganizerPhone":"","_OrganizerWebsite":"","_VenueAddress":"","_VenueCity":"","_VenueCountry":"","_VenueProvince":"","_VenueState":"","_VenueZip":"","_VenuePhone":"","_VenueURL":"","_VenueStateProvince":"","_VenueLat":"","_VenueLng":"","_VenueShowMap":false,"_VenueShowMapLink":false,"footnotes":""},"class_list":["post-1121","page","type-page","status-publish","hentry"],"yoast_head":"<!-- This site is optimized with the Yoast SEO plugin v27.4 - https:\/\/yoast.com\/product\/yoast-seo-wordpress\/ -->\n<title>Impressum - Reformierter Kirchenverein Wollishofen<\/title>\n<meta name=\"robots\" content=\"index, follow, max-snippet:-1, max-image-preview:large, max-video-preview:-1\" \/>\n<link rel=\"canonical\" href=\"https:\/\/rkvw.ch\/site\/impressum\/\" \/>\n<meta property=\"og:locale\" content=\"de_DE\" \/>\n<meta property=\"og:type\" content=\"article\" \/>\n<meta property=\"og:title\" content=\"Impressum - Reformierter Kirchenverein Wollishofen\" \/>\n<meta property=\"og:url\" content=\"https:\/\/rkvw.ch\/site\/impressum\/\" \/>\n<meta property=\"og:site_name\" content=\"Reformierter Kirchenverein Wollishofen\" \/>\n<meta property=\"article:modified_time\" content=\"2020-02-26T10:48:00+00:00\" \/>\n<meta name=\"twitter:card\" content=\"summary_large_image\" \/>\n<meta name=\"twitter:label1\" content=\"Gesch\u00e4tzte Lesezeit\" \/>\n\t<meta name=\"twitter:data1\" content=\"4\u00a0Minuten\" \/>\n<script type=\"application\/ld+json\" class=\"yoast-schema-graph\">{\"@context\":\"https:\\\/\\\/schema.org\",\"@graph\":[{\"@type\":\"WebPage\",\"@id\":\"https:\\\/\\\/rkvw.ch\\\/site\\\/impressum\\\/\",\"url\":\"https:\\\/\\\/rkvw.ch\\\/site\\\/impressum\\\/\",\"name\":\"Impressum - Reformierter Kirchenverein Wollishofen\",\"isPartOf\":{\"@id\":\"https:\\\/\\\/rkvw.ch\\\/site\\\/#website\"},\"datePublished\":\"2019-10-21T16:09:47+00:00\",\"dateModified\":\"2020-02-26T10:48:00+00:00\",\"breadcrumb\":{\"@id\":\"https:\\\/\\\/rkvw.ch\\\/site\\\/impressum\\\/#breadcrumb\"},\"inLanguage\":\"de\",\"potentialAction\":[{\"@type\":\"ReadAction\",\"target\":[\"https:\\\/\\\/rkvw.ch\\\/site\\\/impressum\\\/\"]}]},{\"@type\":\"BreadcrumbList\",\"@id\":\"https:\\\/\\\/rkvw.ch\\\/site\\\/impressum\\\/#breadcrumb\",\"itemListElement\":[{\"@type\":\"ListItem\",\"position\":1,\"name\":\"Startseite\",\"item\":\"https:\\\/\\\/rkvw.ch\\\/site\\\/\"},{\"@type\":\"ListItem\",\"position\":2,\"name\":\"Impressum\"}]},{\"@type\":\"WebSite\",\"@id\":\"https:\\\/\\\/rkvw.ch\\\/site\\\/#website\",\"url\":\"https:\\\/\\\/rkvw.ch\\\/site\\\/\",\"name\":\"Reformierter Kirchenverein Wollishofen\",\"description\":\"\",\"publisher\":{\"@id\":\"https:\\\/\\\/rkvw.ch\\\/site\\\/#organization\"},\"potentialAction\":[{\"@type\":\"SearchAction\",\"target\":{\"@type\":\"EntryPoint\",\"urlTemplate\":\"https:\\\/\\\/rkvw.ch\\\/site\\\/?s={search_term_string}\"},\"query-input\":{\"@type\":\"PropertyValueSpecification\",\"valueRequired\":true,\"valueName\":\"search_term_string\"}}],\"inLanguage\":\"de\"},{\"@type\":\"Organization\",\"@id\":\"https:\\\/\\\/rkvw.ch\\\/site\\\/#organization\",\"name\":\"Reformierter Kirchenverein Wollishofen\",\"url\":\"https:\\\/\\\/rkvw.ch\\\/site\\\/\",\"logo\":{\"@type\":\"ImageObject\",\"inLanguage\":\"de\",\"@id\":\"https:\\\/\\\/rkvw.ch\\\/site\\\/#\\\/schema\\\/logo\\\/image\\\/\",\"url\":\"https:\\\/\\\/rkvw.ch\\\/site\\\/wp-content\\\/uploads\\\/2019\\\/11\\\/logo-5.png\",\"contentUrl\":\"https:\\\/\\\/rkvw.ch\\\/site\\\/wp-content\\\/uploads\\\/2019\\\/11\\\/logo-5.png\",\"width\":898,\"height\":283,\"caption\":\"Reformierter Kirchenverein Wollishofen\"},\"image\":{\"@id\":\"https:\\\/\\\/rkvw.ch\\\/site\\\/#\\\/schema\\\/logo\\\/image\\\/\"}}]}<\/script>\n<!-- \/ Yoast SEO plugin. -->","yoast_head_json":{"title":"Impressum - Reformierter Kirchenverein Wollishofen","robots":{"index":"index","follow":"follow","max-snippet":"max-snippet:-1","max-image-preview":"max-image-preview:large","max-video-preview":"max-video-preview:-1"},"canonical":"https:\/\/rkvw.ch\/site\/impressum\/","og_locale":"de_DE","og_type":"article","og_title":"Impressum - Reformierter Kirchenverein Wollishofen","og_url":"https:\/\/rkvw.ch\/site\/impressum\/","og_site_name":"Reformierter Kirchenverein Wollishofen","article_modified_time":"2020-02-26T10:48:00+00:00","twitter_card":"summary_large_image","twitter_misc":{"Gesch\u00e4tzte Lesezeit":"4\u00a0Minuten"},"schema":{"@context":"https:\/\/schema.org","@graph":[{"@type":"WebPage","@id":"https:\/\/rkvw.ch\/site\/impressum\/","url":"https:\/\/rkvw.ch\/site\/impressum\/","name":"Impressum - Reformierter Kirchenverein Wollishofen","isPartOf":{"@id":"https:\/\/rkvw.ch\/site\/#website"},"datePublished":"2019-10-21T16:09:47+00:00","dateModified":"2020-02-26T10:48:00+00:00","breadcrumb":{"@id":"https:\/\/rkvw.ch\/site\/impressum\/#breadcrumb"},"inLanguage":"de","potentialAction":[{"@type":"ReadAction","target":["https:\/\/rkvw.ch\/site\/impressum\/"]}]},{"@type":"BreadcrumbList","@id":"https:\/\/rkvw.ch\/site\/impressum\/#breadcrumb","itemListElement":[{"@type":"ListItem","position":1,"name":"Startseite","item":"https:\/\/rkvw.ch\/site\/"},{"@type":"ListItem","position":2,"name":"Impressum"}]},{"@type":"WebSite","@id":"https:\/\/rkvw.ch\/site\/#website","url":"https:\/\/rkvw.ch\/site\/","name":"Reformierter Kirchenverein Wollishofen","description":"","publisher":{"@id":"https:\/\/rkvw.ch\/site\/#organization"},"potentialAction":[{"@type":"SearchAction","target":{"@type":"EntryPoint","urlTemplate":"https:\/\/rkvw.ch\/site\/?s={search_term_string}"},"query-input":{"@type":"PropertyValueSpecification","valueRequired":true,"valueName":"search_term_string"}}],"inLanguage":"de"},{"@type":"Organization","@id":"https:\/\/rkvw.ch\/site\/#organization","name":"Reformierter Kirchenverein Wollishofen","url":"https:\/\/rkvw.ch\/site\/","logo":{"@type":"ImageObject","inLanguage":"de","@id":"https:\/\/rkvw.ch\/site\/#\/schema\/logo\/image\/","url":"https:\/\/rkvw.ch\/site\/wp-content\/uploads\/2019\/11\/logo-5.png","contentUrl":"https:\/\/rkvw.ch\/site\/wp-content\/uploads\/2019\/11\/logo-5.png","width":898,"height":283,"caption":"Reformierter Kirchenverein Wollishofen"},"image":{"@id":"https:\/\/rkvw.ch\/site\/#\/schema\/logo\/image\/"}}]}},"_links":{"self":[{"href":"https:\/\/rkvw.ch\/site\/wp-json\/wp\/v2\/pages\/1121","targetHints":{"allow":["GET"]}}],"collection":[{"href":"https:\/\/rkvw.ch\/site\/wp-json\/wp\/v2\/pages"}],"about":[{"href":"https:\/\/rkvw.ch\/site\/wp-json\/wp\/v2\/types\/page"}],"author":[{"embeddable":true,"href":"https:\/\/rkvw.ch\/site\/wp-json\/wp\/v2\/users\/1"}],"replies":[{"embeddable":true,"href":"https:\/\/rkvw.ch\/site\/wp-json\/wp\/v2\/comments?post=1121"}],"version-history":[{"count":11,"href":"https:\/\/rkvw.ch\/site\/wp-json\/wp\/v2\/pages\/1121\/revisions"}],"predecessor-version":[{"id":2360,"href":"https:\/\/rkvw.ch\/site\/wp-json\/wp\/v2\/pages\/1121\/revisions\/2360"}],"wp:attachment":[{"href":"https:\/\/rkvw.ch\/site\/wp-json\/wp\/v2\/media?parent=1121"}],"curies":[{"name":"wp","href":"https:\/\/api.w.org\/{rel}","templated":true}]}}