{"id":1395,"date":"2019-11-15T12:00:32","date_gmt":"2019-11-15T11:00:32","guid":{"rendered":"http:\/\/rkvw.ch\/site\/?page_id=1395"},"modified":"2024-06-21T19:37:54","modified_gmt":"2024-06-21T17:37:54","slug":"unterstuetzend","status":"publish","type":"page","link":"https:\/\/rkvw.ch\/site\/unterstuetzend\/","title":{"rendered":"unterst\u00fctzend"},"content":{"rendered":"\n<style type=\"text\/css\" data-created_by=\"avia_inline_auto\" id=\"style-css-av-uva14j-b389ffa986a29e34ff83d455b27d1d9c\">\n.avia-section.av-uva14j-b389ffa986a29e34ff83d455b27d1d9c{\nbackground-repeat:no-repeat;\nbackground-image:url(https:\/\/rkvw.ch\/site\/wp-content\/uploads\/2020\/01\/Familien2-m.jpg);\nbackground-position:50% 0%;\nbackground-attachment:scroll;\n}\n.avia-section.av-uva14j-b389ffa986a29e34ff83d455b27d1d9c .av-section-color-overlay{\nopacity:0.2;\nbackground-color:#000000;\n}\n<\/style>\n<div id='av_section_1'  class='avia-section av-uva14j-b389ffa986a29e34ff83d455b27d1d9c main_color avia-section-large avia-no-shadow  avia-builder-el-0  el_before_av_section  avia-builder-el-first  avia-full-stretch avia-bg-style-scroll av-section-color-overlay-active av-minimum-height av-minimum-height-custom av-height-custom  container_wrap fullsize'  data-section-bg-repeat='stretch' data-av_minimum_height_px='500'><div class=\"av-section-color-overlay-wrap\"><div class=\"av-section-color-overlay\"><\/div><div class='container av-section-cont-open' style='height:500px'><main  role=\"main\" itemprop=\"mainContentOfPage\"  class='template-page content  av-content-full alpha units'><div class='post-entry post-entry-type-page post-entry-1395'><div class='entry-content-wrapper clearfix'>\n<\/div><\/div><\/main><!-- close content main element --><\/div><\/div><\/div><div id='av_section_2'  class='avia-section av-tojr1f-9b4062654776f18d5e273688f74ad36b main_color avia-section-small avia-no-border-styling  avia-builder-el-1  el_after_av_section  avia-builder-el-last  avia-bg-style-fixed container_wrap fullsize'  ><div class='container av-section-cont-open' ><div class='template-page content  av-content-full alpha units'><div class='post-entry post-entry-type-page post-entry-1395'><div class='entry-content-wrapper clearfix'>\n<div class='flex_column_table av-r9mgpv-6448847c3180b24da2bbe1ed302eb880 sc-av_one_fifth av-equal-height-column-flextable'>\n<style type=\"text\/css\" data-created_by=\"avia_inline_auto\" id=\"style-css-av-r9mgpv-6448847c3180b24da2bbe1ed302eb880\">\n#top .flex_column_table.av-equal-height-column-flextable.av-r9mgpv-6448847c3180b24da2bbe1ed302eb880{\nmargin-top:-60px;\nmargin-bottom:0px;\n}\n.flex_column.av-r9mgpv-6448847c3180b24da2bbe1ed302eb880{\nborder-radius:0px 0px 0px 0px;\npadding:30px 30px 30px 30px;\nbackground-color:#ffffff;\n}\n<\/style>\n<div  class='flex_column av-r9mgpv-6448847c3180b24da2bbe1ed302eb880 av_one_fifth  avia-builder-el-2  el_before_av_three_fifth  avia-builder-el-first  first no_margin flex_column_table_cell av-equal-height-column av-align-top  '     ><\/div>\n<style type=\"text\/css\" data-created_by=\"avia_inline_auto\" id=\"style-css-av-px37hf-d2dee77b9769395e1efb7a0555df5f5c\">\n#top .flex_column_table.av-equal-height-column-flextable.av-px37hf-d2dee77b9769395e1efb7a0555df5f5c{\nmargin-top:-60px;\nmargin-bottom:0px;\n}\n.flex_column.av-px37hf-d2dee77b9769395e1efb7a0555df5f5c{\nborder-radius:0px 0px 0px 0px;\npadding:30px 30px 30px 30px;\nbackground-color:#ffffff;\n}\n<\/style>\n<div  class='flex_column av-px37hf-d2dee77b9769395e1efb7a0555df5f5c av_three_fifth  avia-builder-el-3  el_after_av_one_fifth  el_before_av_one_fifth  no_margin flex_column_table_cell av-equal-height-column av-align-top  '     ><p>\n<style type=\"text\/css\" data-created_by=\"avia_inline_auto\" id=\"style-css-av-odt3yr-eab32d1259e472179af1f09cc3f4f05f\">\n#top .hr.hr-invisible.av-odt3yr-eab32d1259e472179af1f09cc3f4f05f{\nheight:30px;\n}\n<\/style>\n<div  class='hr av-odt3yr-eab32d1259e472179af1f09cc3f4f05f hr-invisible  avia-builder-el-4  el_before_av_heading  avia-builder-el-first  av-small-hide av-mini-hide'><span class='hr-inner '><span class=\"hr-inner-style\"><\/span><\/span><\/div><br \/>\n\n<style type=\"text\/css\" data-created_by=\"avia_inline_auto\" id=\"style-css-av-lqvjk3-db996d0b0c9180a93c4552ec0c79cfee\">\n#top .av-special-heading.av-lqvjk3-db996d0b0c9180a93c4552ec0c79cfee{\npadding-bottom:0;\nfont-size:20px;\n}\nbody .av-special-heading.av-lqvjk3-db996d0b0c9180a93c4552ec0c79cfee .av-special-heading-tag .heading-char{\nfont-size:25px;\n}\n#top #wrap_all .av-special-heading.av-lqvjk3-db996d0b0c9180a93c4552ec0c79cfee .av-special-heading-tag{\nfont-size:20px;\n}\n.av-special-heading.av-lqvjk3-db996d0b0c9180a93c4552ec0c79cfee .av-subheading{\nfont-size:15px;\n}\n\n@media only screen and (min-width: 480px) and (max-width: 767px){ \n#top #wrap_all .av-special-heading.av-lqvjk3-db996d0b0c9180a93c4552ec0c79cfee .av-special-heading-tag{\nfont-size:0.8em;\n}\n}\n\n@media only screen and (max-width: 479px){ \n#top #wrap_all .av-special-heading.av-lqvjk3-db996d0b0c9180a93c4552ec0c79cfee .av-special-heading-tag{\nfont-size:0.8em;\n}\n}\n<\/style>\n<div  class='av-special-heading av-lqvjk3-db996d0b0c9180a93c4552ec0c79cfee av-special-heading-h1 blockquote modern-quote  avia-builder-el-5  el_after_av_hr  el_before_av_textblock  av-inherit-size'><h1 class='av-special-heading-tag '  itemprop=\"headline\"  >unterst\u00fctzend<\/h1><div class=\"special-heading-border\"><div class=\"special-heading-inner-border\"><\/div><\/div><\/div><br \/>\n<section  class='av_textblock_section av-k1ygxv-7c16b0479edb11f70dfaa7544f2d6c1a '   itemscope=\"itemscope\" itemtype=\"https:\/\/schema.org\/CreativeWork\" ><div class='avia_textblock'  itemprop=\"text\" ><p>Die Gemeinschaft der Reformierten ist darauf aufgebaut, dass die Wege zwischen den Menschen kurz bleiben und unkompliziert Unterst\u00fctzung geboten werden kann, wo die \u00f6ffentlichen Stellen zu weit weg sind oder zu langsam entscheiden k\u00f6nnen.<\/p>\n<p>Der Reformierte Kirchenverein Wollishofen will Unterst\u00fctzung bieten, wo im Quartier Hilfe ben\u00f6tigt wird. Die Unterst\u00fctzung kann in Form kleiner Finanzbetr\u00e4ge, \u00fcber direkte Hilfestellungen des Vereins oder durch das Vermitteln von hilfreichen Kontakten \u00fcber unser Netzwerk erfolgen.<\/p>\n<\/div><\/section><br \/>\n<div  class='hr av-irq5tf-01662c6465f479dde0e8d865dcf9728c hr-default  avia-builder-el-7  el_after_av_textblock  el_before_av_heading '><span class='hr-inner '><span class=\"hr-inner-style\"><\/span><\/span><\/div><br \/>\n\n<style type=\"text\/css\" data-created_by=\"avia_inline_auto\" id=\"style-css-av-hsuswz-c9bdce70ff31b918b9a5fbf3e9468837\">\n#top .av-special-heading.av-hsuswz-c9bdce70ff31b918b9a5fbf3e9468837{\npadding-bottom:0;\nfont-size:20px;\n}\nbody .av-special-heading.av-hsuswz-c9bdce70ff31b918b9a5fbf3e9468837 .av-special-heading-tag .heading-char{\nfont-size:25px;\n}\n#top #wrap_all .av-special-heading.av-hsuswz-c9bdce70ff31b918b9a5fbf3e9468837 .av-special-heading-tag{\nfont-size:20px;\n}\n.av-special-heading.av-hsuswz-c9bdce70ff31b918b9a5fbf3e9468837 .av-subheading{\nfont-size:15px;\n}\n\n@media only screen and (min-width: 480px) and (max-width: 767px){ \n#top #wrap_all .av-special-heading.av-hsuswz-c9bdce70ff31b918b9a5fbf3e9468837 .av-special-heading-tag{\nfont-size:0.8em;\n}\n}\n\n@media only screen and (max-width: 479px){ \n#top #wrap_all .av-special-heading.av-hsuswz-c9bdce70ff31b918b9a5fbf3e9468837 .av-special-heading-tag{\nfont-size:0.8em;\n}\n}\n<\/style>\n<div  class='av-special-heading av-hsuswz-c9bdce70ff31b918b9a5fbf3e9468837 av-special-heading-h1 blockquote modern-quote  avia-builder-el-8  el_after_av_hr  el_before_av_textblock  av-inherit-size'><h1 class='av-special-heading-tag '  itemprop=\"headline\"  >Unterst\u00fctzte Projekte<\/h1><div class=\"special-heading-border\"><div class=\"special-heading-inner-border\"><\/div><\/div><\/div><br \/>\n<section  class='av_textblock_section av-fpi6lf-f8ea46299f240e19bbfa7015d459ce47 '   itemscope=\"itemscope\" itemtype=\"https:\/\/schema.org\/CreativeWork\" ><div class='avia_textblock'  itemprop=\"text\" ><p>Der Reformierte Kirchenverein hat folgende <a href=\"https:\/\/rkvw.ch\/site\/projekte\/\">Projekte<\/a> unterst\u00fctzt:<\/p>\n<div class=\"show_more\"><p class=\"wpsm-show\" style=\"color: #d66839; font-size: 100%; text-align: left;\"> mehr<\/p><div class=\"wpsm-content\"><\/p>\n<p><a href=\"http:\/\/green-city-spirit.ch\/\" target=\"_blank\" rel=\"noopener\"><strong>GreenCitySpirit<\/strong><\/a><\/p>\n<p>Aufbau einer kirchlichen Quartierarbeit im Neubaugebiet Manegg &#8211; GreenCity; regelm\u00e4ssige Unterst\u00fctzung seit 2018 bis heute<\/p>\n<p><strong>Konzert &#8222;An Evening of Sacred Music&#8220;<br \/>\n<\/strong><\/p>\n<p>Wollishofer Weihnachtsmarkt 2021<\/p>\n<p><strong>Bilderausstellung Walter Zipper<br \/>\n<\/strong><\/p>\n<p>Kirchgemeindehaus Wollishofen, 2022<\/p>\n<p><strong>Kirchenchor Wollishofen<\/strong><\/p>\n<p>Unterst\u00fctzungsbeitrag 2022<\/p>\n<p><strong>Bilderausstellung Ir\u00e8ne Erismann-Vannay<\/strong><\/p>\n<p>Kirchgemeindehaus Wollishofen, 2023<\/p>\n<p><strong>Generationentheater Wollishofen:&#8220;R\u00fctlimord&#8220;<\/strong><\/p>\n<p>Kirchenzentrum Hauriweg, 2023<\/p>\n<p><strong>Helfereitheater: &#8222;Im Himmel ist der Teufel los&#8220;<\/strong><\/p>\n<p>Kirchenzentrum Hauriweg, 2023<\/p>\n<p><strong>Kinderkonzert des Ensemble Tzara<br \/>\n<\/strong><\/p>\n<p>Wollishofer Weihnachtsmarkt 2023<\/p>\n<p> <p class=\"wpsm-hide\" style=\"color: #d66839; font-size: 100%; text-align: left;\"> weniger<\/p><\/div><\/div>\n<\/div><\/section><br \/>\n<div  class='hr av-djh41v-4ebaf8c9159ee7d73301014f098051f7 hr-default  avia-builder-el-10  el_after_av_textblock  el_before_av_heading '><span class='hr-inner '><span class=\"hr-inner-style\"><\/span><\/span><\/div><br \/>\n\n<style type=\"text\/css\" data-created_by=\"avia_inline_auto\" id=\"style-css-av-clzwpf-5f0b004a585f3885e70325e2b2d9b0f1\">\n#top .av-special-heading.av-clzwpf-5f0b004a585f3885e70325e2b2d9b0f1{\npadding-bottom:0;\nfont-size:20px;\n}\nbody .av-special-heading.av-clzwpf-5f0b004a585f3885e70325e2b2d9b0f1 .av-special-heading-tag .heading-char{\nfont-size:25px;\n}\n#top #wrap_all .av-special-heading.av-clzwpf-5f0b004a585f3885e70325e2b2d9b0f1 .av-special-heading-tag{\nfont-size:20px;\n}\n.av-special-heading.av-clzwpf-5f0b004a585f3885e70325e2b2d9b0f1 .av-subheading{\nfont-size:15px;\n}\n\n@media only screen and (min-width: 480px) and (max-width: 767px){ \n#top #wrap_all .av-special-heading.av-clzwpf-5f0b004a585f3885e70325e2b2d9b0f1 .av-special-heading-tag{\nfont-size:0.8em;\n}\n}\n\n@media only screen and (max-width: 479px){ \n#top #wrap_all .av-special-heading.av-clzwpf-5f0b004a585f3885e70325e2b2d9b0f1 .av-special-heading-tag{\nfont-size:0.8em;\n}\n}\n<\/style>\n<div  class='av-special-heading av-clzwpf-5f0b004a585f3885e70325e2b2d9b0f1 av-special-heading-h1 blockquote modern-quote  avia-builder-el-11  el_after_av_hr  el_before_av_textblock  av-inherit-size'><h1 class='av-special-heading-tag '  itemprop=\"headline\"  >Sie m\u00f6chten unterst\u00fctzen?<\/h1><div class=\"special-heading-border\"><div class=\"special-heading-inner-border\"><\/div><\/div><\/div><br \/>\n<section  class='av_textblock_section av-ai9cub-33e43dd984c7bf1d411c874813437de5 '   itemscope=\"itemscope\" itemtype=\"https:\/\/schema.org\/CreativeWork\" ><div class='avia_textblock'  itemprop=\"text\" ><p>Damit der Reformierte Kirchenverein Unterst\u00fctzung leisten kann, braucht er Ihre Hilfe.<\/p>\n<div class=\"show_more\"><p class=\"wpsm-show\" style=\"color: #d66839; font-size: 100%; text-align: left;\"> mehr<\/p><div class=\"wpsm-content\"><\/p>\n<p>Unkomplizierte Hilfe ist nur m\u00f6glich, wo Hilfsm\u00f6glichkeiten zur Verf\u00fcgung stehen. Dazu sind wir auf finanzielle Zuwendungen oder andere Unterst\u00fctzungsangebote angewiesen. Der Reformierte Kirchenverein Wollishofen ist als steuerbefreite wohlt\u00e4tige Organisation anerkannt.<\/p>\n<p>Spendenbeitr\u00e4ge k\u00f6nnen \u00fcberwiesen werden auf unser Konto: Reformierter Kirchenverein Wollishofen, 8038 Z\u00fcrich; IBAN: CH71 0900 0000 6135 5083 4<\/p>\n<p><a href=\"http:\/\/rkvw.ch\/site\/contact\/\">Wenn Sie uns bez\u00fcglich der Spendenm\u00f6glichkeiten Fragen haben, ist der Vorstand die richtige Anlaufstelle.<\/a><\/p>\n<p> <p class=\"wpsm-hide\" style=\"color: #d66839; font-size: 100%; text-align: left;\"> weniger<\/p><\/div><\/div>\n<\/div><\/section><br \/>\n<div  class='hr av-9bt5er-737f7484cb61d9d4492788e5a798f9b6 hr-default  avia-builder-el-13  el_after_av_textblock  el_before_av_heading '><span class='hr-inner '><span class=\"hr-inner-style\"><\/span><\/span><\/div><br \/>\n\n<style type=\"text\/css\" data-created_by=\"avia_inline_auto\" id=\"style-css-av-810woz-e39aeba2ed2cf04ef5c31e2137f27fba\">\n#top .av-special-heading.av-810woz-e39aeba2ed2cf04ef5c31e2137f27fba{\npadding-bottom:0;\nfont-size:20px;\n}\nbody .av-special-heading.av-810woz-e39aeba2ed2cf04ef5c31e2137f27fba .av-special-heading-tag .heading-char{\nfont-size:25px;\n}\n#top #wrap_all .av-special-heading.av-810woz-e39aeba2ed2cf04ef5c31e2137f27fba .av-special-heading-tag{\nfont-size:20px;\n}\n.av-special-heading.av-810woz-e39aeba2ed2cf04ef5c31e2137f27fba .av-subheading{\nfont-size:15px;\n}\n\n@media only screen and (min-width: 480px) and (max-width: 767px){ \n#top #wrap_all .av-special-heading.av-810woz-e39aeba2ed2cf04ef5c31e2137f27fba .av-special-heading-tag{\nfont-size:0.8em;\n}\n}\n\n@media only screen and (max-width: 479px){ \n#top #wrap_all .av-special-heading.av-810woz-e39aeba2ed2cf04ef5c31e2137f27fba .av-special-heading-tag{\nfont-size:0.8em;\n}\n}\n<\/style>\n<div  class='av-special-heading av-810woz-e39aeba2ed2cf04ef5c31e2137f27fba av-special-heading-h1 blockquote modern-quote  avia-builder-el-14  el_after_av_hr  el_before_av_textblock  av-inherit-size'><h1 class='av-special-heading-tag '  itemprop=\"headline\"  >Sie ben\u00f6tigen Unterst\u00fctzung?<\/h1><div class=\"special-heading-border\"><div class=\"special-heading-inner-border\"><\/div><\/div><\/div><br \/>\n<section  class='av_textblock_section av-6d5rtf-4c3ba60f425fb00ceeec65aaff4ecae2 '   itemscope=\"itemscope\" itemtype=\"https:\/\/schema.org\/CreativeWork\" ><div class='avia_textblock'  itemprop=\"text\" ><p>Wenn Sie Hilfe brauchen, versuchen wir gerne weiterzuhelfen.<\/p>\n<div class=\"show_more\"><p class=\"wpsm-show\" style=\"color: #d66839; font-size: 100%; text-align: left;\"> mehr<\/p><div class=\"wpsm-content\"><\/p>\n<p>Bei kleineren Anliegen helfen wir nach M\u00f6glichkeit direkt und unkompliziert. Bei gr\u00f6sseren Bed\u00fcrfnissen unterst\u00fctzen wir Sie, f\u00fcr Ihr Problem die richtige Anlaufstelle im Quartier oder im Rahmen der kirchlichen Hilfsangebote zu finden.<\/p>\n<p><a href=\"http:\/\/rkvw.ch\/site\/contact\/\">F\u00fcr die Abkl\u00e4rung von Unterst\u00fctzungsm\u00f6glichkeiten hilft Ihnen der Vorstand weiter.<\/a><\/p>\n<p> <p class=\"wpsm-hide\" style=\"color: #d66839; font-size: 100%; text-align: left;\"> weniger<\/p><\/div><\/div>\n<\/div><\/section><br \/>\n<div  class='hr av-3himtv-820900f95d2765d11f172f8d9926544d hr-default  avia-builder-el-16  el_after_av_textblock  avia-builder-el-last '><span class='hr-inner '><span class=\"hr-inner-style\"><\/span><\/span><\/div><\/p><\/div>\n<style type=\"text\/css\" data-created_by=\"avia_inline_auto\" id=\"style-css-av-2nt3qr-976619bcde3f09085911ccbc468e66a2\">\n#top .flex_column_table.av-equal-height-column-flextable.av-2nt3qr-976619bcde3f09085911ccbc468e66a2{\nmargin-top:-60px;\nmargin-bottom:0px;\n}\n.flex_column.av-2nt3qr-976619bcde3f09085911ccbc468e66a2{\nborder-radius:0px 0px 0px 0px;\npadding:30px 30px 30px 30px;\nbackground-color:#ffffff;\n}\n<\/style>\n<div  class='flex_column av-2nt3qr-976619bcde3f09085911ccbc468e66a2 av_one_fifth  avia-builder-el-17  el_after_av_three_fifth  avia-builder-el-last  no_margin flex_column_table_cell av-equal-height-column av-align-top  '     ><\/div><\/div><!--close column table wrapper. Autoclose: 1 -->\n","protected":false},"excerpt":{"rendered":"","protected":false},"author":1,"featured_media":0,"parent":0,"menu_order":0,"comment_status":"closed","ping_status":"closed","template":"","meta":{"_EventAllDay":false,"_EventTimezone":"","_EventStartDate":"","_EventEndDate":"","_EventStartDateUTC":"","_EventEndDateUTC":"","_EventShowMap":false,"_EventShowMapLink":false,"_EventURL":"","_EventCost":"","_EventCostDescription":"","_EventCurrencySymbol":"","_EventCurrencyCode":"","_EventCurrencyPosition":"","_EventDateTimeSeparator":"","_EventTimeRangeSeparator":"","_EventOrganizerID":[],"_EventVenueID":[],"_OrganizerEmail":"","_OrganizerPhone":"","_OrganizerWebsite":"","_VenueAddress":"","_VenueCity":"","_VenueCountry":"","_VenueProvince":"","_VenueState":"","_VenueZip":"","_VenuePhone":"","_VenueURL":"","_VenueStateProvince":"","_VenueLat":"","_VenueLng":"","_VenueShowMap":false,"_VenueShowMapLink":false,"footnotes":""},"class_list":["post-1395","page","type-page","status-publish","hentry"],"yoast_head":"<!-- This site is optimized with the Yoast SEO plugin v27.4 - https:\/\/yoast.com\/product\/yoast-seo-wordpress\/ -->\n<title>unterst\u00fctzend - Reformierter Kirchenverein Wollishofen<\/title>\n<meta name=\"description\" content=\"Der Reformierte Kirchenverein Wollishofen bietet direkte Hilfestellungen oder vermittelt Kontakte.\" \/>\n<meta name=\"robots\" content=\"index, follow, max-snippet:-1, max-image-preview:large, max-video-preview:-1\" \/>\n<link rel=\"canonical\" href=\"https:\/\/rkvw.ch\/site\/unterstuetzend\/\" \/>\n<meta property=\"og:locale\" content=\"de_DE\" \/>\n<meta property=\"og:type\" content=\"article\" \/>\n<meta property=\"og:title\" content=\"unterst\u00fctzend - Reformierter Kirchenverein Wollishofen\" \/>\n<meta property=\"og:description\" content=\"Der Reformierte Kirchenverein Wollishofen bietet direkte Hilfestellungen oder vermittelt Kontakte.\" \/>\n<meta property=\"og:url\" content=\"https:\/\/rkvw.ch\/site\/unterstuetzend\/\" \/>\n<meta property=\"og:site_name\" content=\"Reformierter Kirchenverein Wollishofen\" \/>\n<meta property=\"article:modified_time\" content=\"2024-06-21T17:37:54+00:00\" \/>\n<meta name=\"twitter:card\" content=\"summary_large_image\" \/>\n<meta name=\"twitter:label1\" content=\"Gesch\u00e4tzte Lesezeit\" \/>\n\t<meta name=\"twitter:data1\" content=\"2\u00a0Minuten\" \/>\n<script type=\"application\/ld+json\" class=\"yoast-schema-graph\">{\"@context\":\"https:\\\/\\\/schema.org\",\"@graph\":[{\"@type\":\"WebPage\",\"@id\":\"https:\\\/\\\/rkvw.ch\\\/site\\\/unterstuetzend\\\/\",\"url\":\"https:\\\/\\\/rkvw.ch\\\/site\\\/unterstuetzend\\\/\",\"name\":\"unterst\u00fctzend - Reformierter Kirchenverein Wollishofen\",\"isPartOf\":{\"@id\":\"https:\\\/\\\/rkvw.ch\\\/site\\\/#website\"},\"datePublished\":\"2019-11-15T11:00:32+00:00\",\"dateModified\":\"2024-06-21T17:37:54+00:00\",\"description\":\"Der Reformierte Kirchenverein Wollishofen bietet direkte Hilfestellungen oder vermittelt Kontakte.\",\"breadcrumb\":{\"@id\":\"https:\\\/\\\/rkvw.ch\\\/site\\\/unterstuetzend\\\/#breadcrumb\"},\"inLanguage\":\"de\",\"potentialAction\":[{\"@type\":\"ReadAction\",\"target\":[\"https:\\\/\\\/rkvw.ch\\\/site\\\/unterstuetzend\\\/\"]}]},{\"@type\":\"BreadcrumbList\",\"@id\":\"https:\\\/\\\/rkvw.ch\\\/site\\\/unterstuetzend\\\/#breadcrumb\",\"itemListElement\":[{\"@type\":\"ListItem\",\"position\":1,\"name\":\"Startseite\",\"item\":\"https:\\\/\\\/rkvw.ch\\\/site\\\/\"},{\"@type\":\"ListItem\",\"position\":2,\"name\":\"unterst\u00fctzend\"}]},{\"@type\":\"WebSite\",\"@id\":\"https:\\\/\\\/rkvw.ch\\\/site\\\/#website\",\"url\":\"https:\\\/\\\/rkvw.ch\\\/site\\\/\",\"name\":\"Reformierter Kirchenverein Wollishofen\",\"description\":\"\",\"publisher\":{\"@id\":\"https:\\\/\\\/rkvw.ch\\\/site\\\/#organization\"},\"potentialAction\":[{\"@type\":\"SearchAction\",\"target\":{\"@type\":\"EntryPoint\",\"urlTemplate\":\"https:\\\/\\\/rkvw.ch\\\/site\\\/?s={search_term_string}\"},\"query-input\":{\"@type\":\"PropertyValueSpecification\",\"valueRequired\":true,\"valueName\":\"search_term_string\"}}],\"inLanguage\":\"de\"},{\"@type\":\"Organization\",\"@id\":\"https:\\\/\\\/rkvw.ch\\\/site\\\/#organization\",\"name\":\"Reformierter Kirchenverein Wollishofen\",\"url\":\"https:\\\/\\\/rkvw.ch\\\/site\\\/\",\"logo\":{\"@type\":\"ImageObject\",\"inLanguage\":\"de\",\"@id\":\"https:\\\/\\\/rkvw.ch\\\/site\\\/#\\\/schema\\\/logo\\\/image\\\/\",\"url\":\"https:\\\/\\\/rkvw.ch\\\/site\\\/wp-content\\\/uploads\\\/2019\\\/11\\\/logo-5.png\",\"contentUrl\":\"https:\\\/\\\/rkvw.ch\\\/site\\\/wp-content\\\/uploads\\\/2019\\\/11\\\/logo-5.png\",\"width\":898,\"height\":283,\"caption\":\"Reformierter Kirchenverein Wollishofen\"},\"image\":{\"@id\":\"https:\\\/\\\/rkvw.ch\\\/site\\\/#\\\/schema\\\/logo\\\/image\\\/\"}}]}<\/script>\n<!-- \/ Yoast SEO plugin. -->","yoast_head_json":{"title":"unterst\u00fctzend - Reformierter Kirchenverein Wollishofen","description":"Der Reformierte Kirchenverein Wollishofen bietet direkte Hilfestellungen oder vermittelt Kontakte.","robots":{"index":"index","follow":"follow","max-snippet":"max-snippet:-1","max-image-preview":"max-image-preview:large","max-video-preview":"max-video-preview:-1"},"canonical":"https:\/\/rkvw.ch\/site\/unterstuetzend\/","og_locale":"de_DE","og_type":"article","og_title":"unterst\u00fctzend - Reformierter Kirchenverein Wollishofen","og_description":"Der Reformierte Kirchenverein Wollishofen bietet direkte Hilfestellungen oder vermittelt Kontakte.","og_url":"https:\/\/rkvw.ch\/site\/unterstuetzend\/","og_site_name":"Reformierter Kirchenverein Wollishofen","article_modified_time":"2024-06-21T17:37:54+00:00","twitter_card":"summary_large_image","twitter_misc":{"Gesch\u00e4tzte Lesezeit":"2\u00a0Minuten"},"schema":{"@context":"https:\/\/schema.org","@graph":[{"@type":"WebPage","@id":"https:\/\/rkvw.ch\/site\/unterstuetzend\/","url":"https:\/\/rkvw.ch\/site\/unterstuetzend\/","name":"unterst\u00fctzend - Reformierter Kirchenverein Wollishofen","isPartOf":{"@id":"https:\/\/rkvw.ch\/site\/#website"},"datePublished":"2019-11-15T11:00:32+00:00","dateModified":"2024-06-21T17:37:54+00:00","description":"Der Reformierte Kirchenverein Wollishofen bietet direkte Hilfestellungen oder vermittelt Kontakte.","breadcrumb":{"@id":"https:\/\/rkvw.ch\/site\/unterstuetzend\/#breadcrumb"},"inLanguage":"de","potentialAction":[{"@type":"ReadAction","target":["https:\/\/rkvw.ch\/site\/unterstuetzend\/"]}]},{"@type":"BreadcrumbList","@id":"https:\/\/rkvw.ch\/site\/unterstuetzend\/#breadcrumb","itemListElement":[{"@type":"ListItem","position":1,"name":"Startseite","item":"https:\/\/rkvw.ch\/site\/"},{"@type":"ListItem","position":2,"name":"unterst\u00fctzend"}]},{"@type":"WebSite","@id":"https:\/\/rkvw.ch\/site\/#website","url":"https:\/\/rkvw.ch\/site\/","name":"Reformierter Kirchenverein Wollishofen","description":"","publisher":{"@id":"https:\/\/rkvw.ch\/site\/#organization"},"potentialAction":[{"@type":"SearchAction","target":{"@type":"EntryPoint","urlTemplate":"https:\/\/rkvw.ch\/site\/?s={search_term_string}"},"query-input":{"@type":"PropertyValueSpecification","valueRequired":true,"valueName":"search_term_string"}}],"inLanguage":"de"},{"@type":"Organization","@id":"https:\/\/rkvw.ch\/site\/#organization","name":"Reformierter Kirchenverein Wollishofen","url":"https:\/\/rkvw.ch\/site\/","logo":{"@type":"ImageObject","inLanguage":"de","@id":"https:\/\/rkvw.ch\/site\/#\/schema\/logo\/image\/","url":"https:\/\/rkvw.ch\/site\/wp-content\/uploads\/2019\/11\/logo-5.png","contentUrl":"https:\/\/rkvw.ch\/site\/wp-content\/uploads\/2019\/11\/logo-5.png","width":898,"height":283,"caption":"Reformierter Kirchenverein Wollishofen"},"image":{"@id":"https:\/\/rkvw.ch\/site\/#\/schema\/logo\/image\/"}}]}},"_links":{"self":[{"href":"https:\/\/rkvw.ch\/site\/wp-json\/wp\/v2\/pages\/1395","targetHints":{"allow":["GET"]}}],"collection":[{"href":"https:\/\/rkvw.ch\/site\/wp-json\/wp\/v2\/pages"}],"about":[{"href":"https:\/\/rkvw.ch\/site\/wp-json\/wp\/v2\/types\/page"}],"author":[{"embeddable":true,"href":"https:\/\/rkvw.ch\/site\/wp-json\/wp\/v2\/users\/1"}],"replies":[{"embeddable":true,"href":"https:\/\/rkvw.ch\/site\/wp-json\/wp\/v2\/comments?post=1395"}],"version-history":[{"count":20,"href":"https:\/\/rkvw.ch\/site\/wp-json\/wp\/v2\/pages\/1395\/revisions"}],"predecessor-version":[{"id":2332,"href":"https:\/\/rkvw.ch\/site\/wp-json\/wp\/v2\/pages\/1395\/revisions\/2332"}],"wp:attachment":[{"href":"https:\/\/rkvw.ch\/site\/wp-json\/wp\/v2\/media?parent=1395"}],"curies":[{"name":"wp","href":"https:\/\/api.w.org\/{rel}","templated":true}]}}