{"id":15,"date":"2015-05-15T15:08:52","date_gmt":"2015-05-15T15:08:52","guid":{"rendered":"http:\/\/test.kriesi.at\/church\/?page_id=15"},"modified":"2020-02-26T11:45:09","modified_gmt":"2020-02-26T10:45:09","slug":"inspirierend","status":"publish","type":"page","link":"https:\/\/rkvw.ch\/site\/inspirierend\/","title":{"rendered":"inspirierend"},"content":{"rendered":"\n<style type=\"text\/css\" data-created_by=\"avia_inline_auto\" id=\"style-css-av-av_section-e9ae35baf640867d2e3acc8f9da92854\">\n.avia-section.av-av_section-e9ae35baf640867d2e3acc8f9da92854{\nbackground-repeat:no-repeat;\nbackground-image:url(https:\/\/rkvw.ch\/site\/wp-content\/uploads\/2020\/01\/Hauri4-m-Ausschn.jpg);\nbackground-position:50% 50%;\nbackground-attachment:scroll;\n}\n.avia-section.av-av_section-e9ae35baf640867d2e3acc8f9da92854 .av-section-color-overlay{\nopacity:0.2;\nbackground-color:#000000;\n}\n<\/style>\n<div id='av_section_1'  class='avia-section av-av_section-e9ae35baf640867d2e3acc8f9da92854 main_color avia-section-large avia-no-shadow  avia-builder-el-0  el_before_av_section  avia-builder-el-first  avia-full-stretch avia-bg-style-scroll av-section-color-overlay-active av-minimum-height av-minimum-height-custom av-height-custom  container_wrap fullsize'  data-section-bg-repeat='stretch' data-av_minimum_height_px='500'><div class=\"av-section-color-overlay-wrap\"><div class=\"av-section-color-overlay\"><\/div><div class='container av-section-cont-open' style='height:500px'><main  role=\"main\" itemprop=\"mainContentOfPage\"  class='template-page content  av-content-full alpha units'><div class='post-entry post-entry-type-page post-entry-15'><div class='entry-content-wrapper clearfix'>\n<\/div><\/div><\/main><!-- close content main element --><\/div><\/div><\/div><div id='av_section_2'  class='avia-section av-av_section-419573b2c9890db42fde2786424e9332 main_color avia-section-small avia-no-border-styling  avia-builder-el-1  el_after_av_section  avia-builder-el-last  avia-bg-style-fixed container_wrap fullsize'  ><div class='container av-section-cont-open' ><div class='template-page content  av-content-full alpha units'><div class='post-entry post-entry-type-page post-entry-15'><div class='entry-content-wrapper clearfix'>\n<div class='flex_column_table av-av_one_fifth-5f3168a51d5fa576b4e7522cc28bd779 sc-av_one_fifth av-equal-height-column-flextable'>\n<style type=\"text\/css\" data-created_by=\"avia_inline_auto\" id=\"style-css-av-av_one_fifth-5f3168a51d5fa576b4e7522cc28bd779\">\n#top .flex_column_table.av-equal-height-column-flextable.av-av_one_fifth-5f3168a51d5fa576b4e7522cc28bd779{\nmargin-top:-60px;\nmargin-bottom:0px;\n}\n.flex_column.av-av_one_fifth-5f3168a51d5fa576b4e7522cc28bd779{\nborder-radius:0px 0px 0px 0px;\npadding:30px 30px 30px 30px;\nbackground-color:#ffffff;\n}\n<\/style>\n<div  class='flex_column av-av_one_fifth-5f3168a51d5fa576b4e7522cc28bd779 av_one_fifth  avia-builder-el-2  el_before_av_three_fifth  avia-builder-el-first  first no_margin flex_column_table_cell av-equal-height-column av-align-top  '     ><\/div>\n<style type=\"text\/css\" data-created_by=\"avia_inline_auto\" id=\"style-css-av-av_three_fifth-a456fd61927d1e2e9f32f09496263404\">\n#top .flex_column_table.av-equal-height-column-flextable.av-av_three_fifth-a456fd61927d1e2e9f32f09496263404{\nmargin-top:-60px;\nmargin-bottom:0px;\n}\n.flex_column.av-av_three_fifth-a456fd61927d1e2e9f32f09496263404{\nborder-radius:0px 0px 0px 0px;\npadding:30px 30px 30px 30px;\nbackground-color:#ffffff;\n}\n<\/style>\n<div  class='flex_column av-av_three_fifth-a456fd61927d1e2e9f32f09496263404 av_three_fifth  avia-builder-el-3  el_after_av_one_fifth  el_before_av_one_fifth  no_margin flex_column_table_cell av-equal-height-column av-align-top  '     ><p>\n<style type=\"text\/css\" data-created_by=\"avia_inline_auto\" id=\"style-css-av-av_hr-0b142897d1f5cf91baa9b4b07d68e7fb\">\n#top .hr.hr-invisible.av-av_hr-0b142897d1f5cf91baa9b4b07d68e7fb{\nheight:30px;\n}\n<\/style>\n<div  class='hr av-av_hr-0b142897d1f5cf91baa9b4b07d68e7fb hr-invisible  avia-builder-el-4  el_before_av_heading  avia-builder-el-first  av-small-hide av-mini-hide'><span class='hr-inner '><span class=\"hr-inner-style\"><\/span><\/span><\/div><br \/>\n\n<style type=\"text\/css\" data-created_by=\"avia_inline_auto\" id=\"style-css-av-av_heading-19f8aba117821365997d313b639fc4c8\">\n#top .av-special-heading.av-av_heading-19f8aba117821365997d313b639fc4c8{\npadding-bottom:0;\nfont-size:20px;\n}\nbody .av-special-heading.av-av_heading-19f8aba117821365997d313b639fc4c8 .av-special-heading-tag .heading-char{\nfont-size:25px;\n}\n#top #wrap_all .av-special-heading.av-av_heading-19f8aba117821365997d313b639fc4c8 .av-special-heading-tag{\nfont-size:20px;\n}\n.av-special-heading.av-av_heading-19f8aba117821365997d313b639fc4c8 .av-subheading{\nfont-size:15px;\n}\n\n@media only screen and (min-width: 480px) and (max-width: 767px){ \n#top #wrap_all .av-special-heading.av-av_heading-19f8aba117821365997d313b639fc4c8 .av-special-heading-tag{\nfont-size:0.8em;\n}\n}\n\n@media only screen and (max-width: 479px){ \n#top #wrap_all .av-special-heading.av-av_heading-19f8aba117821365997d313b639fc4c8 .av-special-heading-tag{\nfont-size:0.8em;\n}\n}\n<\/style>\n<div  class='av-special-heading av-av_heading-19f8aba117821365997d313b639fc4c8 av-special-heading-h1 blockquote modern-quote  avia-builder-el-5  el_after_av_hr  el_before_av_textblock  av-inherit-size'><h1 class='av-special-heading-tag '  itemprop=\"headline\"  >inspirierend<\/h1><div class=\"special-heading-border\"><div class=\"special-heading-inner-border\"><\/div><\/div><\/div><br \/>\n<section  class='av_textblock_section av-av_textblock-2de302bf1aa3cf4c9157dbe6f50ac7eb '   itemscope=\"itemscope\" itemtype=\"https:\/\/schema.org\/CreativeWork\" ><div class='avia_textblock'  itemprop=\"text\" ><p>\u00abSemper reformanda\u00bb ist eine der Losungen der Reformierten Kirche. Eine Kirche, die sich immer reformieren will, muss sich auch immer wieder mit ihrem Selbstverst\u00e4ndnis und ihren Rahmenbedingungen auseinandersetzen und sich stets wieder neu erfinden. Sie muss sich inspirieren lassen von der Welt und ihren Anliegen und sie muss die Auseinandersetzung f\u00fchren zwischen den Anliegen der Welt und den Anspr\u00fcchen, die sie aufbauend auf dem Fundament des Evangeliums an sich selbst stellt.<\/p>\n<p>In zunehmend gr\u00f6sseren Strukturen und mit eher abnehmenden Ressourcen wird es f\u00fcr die Kirche immer anspruchsvoller, die R\u00e4ume f\u00fcr diese Inspiration offen zu halten. Der Reformierte Kirchenverein will hier einen Beitrag leisten und Nischen \u00f6ffnen, in denen dar\u00fcber nachgedacht und diskutiert werden kann, was reformiert sein heute heissen kann.<\/p>\n<\/div><\/section><br \/>\n<div  class='hr av-av_hr-16dba09aa9383488674dd3600abeaeed hr-default  avia-builder-el-7  el_after_av_textblock  el_before_av_blog '><span class='hr-inner '><span class=\"hr-inner-style\"><\/span><\/span><\/div><br \/>\n<div  class='av-alb-blogposts template-blog  av-blog-meta-author-disabled av-blog-meta-comments-disabled av-blog-meta-category-disabled av-blog-meta-date-disabled av-blog-meta-html-info-disabled av-blog-meta-tag-disabled '  itemscope=\"itemscope\" itemtype=\"https:\/\/schema.org\/Blog\" ><article class=\"post-entry post-entry-type-standard post-entry-102 post-loop-1 post-parity-odd post-entry-last single-big  post-102 post type-post status-publish format-standard hentry category-inspirierend\"  itemscope=\"itemscope\" itemtype=\"https:\/\/schema.org\/BlogPosting\" ><div class=\"blog-meta\"><\/div><div class='entry-content-wrapper clearfix standard-content'><header class=\"entry-content-header\" aria-label=\"Post: Kirche nimmt Fahrt auf\"><div class=\"av-heading-wrapper\"><h2 class='post-title entry-title '  itemprop=\"headline\" ><a href=\"https:\/\/rkvw.ch\/site\/kirche-nimmt-fahrt-auf\/\" rel=\"bookmark\" title=\"Permanenter Link zu: Kirche nimmt Fahrt auf\">Kirche nimmt Fahrt auf<span class=\"post-format-icon minor-meta\"><\/span><\/a><\/h2><span class=\"blog-categories minor-meta\"><a href=\"https:\/\/rkvw.ch\/site\/category\/inspirierend\/\" rel=\"tag\">inspirierend<\/a><\/span><\/div><\/header><span class=\"av-vertical-delimiter\"><\/span><div class=\"entry-content\"  itemprop=\"text\" ><p>Herr, nun selbst den Wagen halt, bald abseit geht sonst die Fahrt!\u00a0Das ist ein Lied von Huldrych Zwingli. Zum Auftakt ein paar Erl\u00e4uterungen dazu: Zwingli war sich wohl bewusst, dass [&hellip;]<\/p>\n<div class=\"read-more-link\"><a href=\"https:\/\/rkvw.ch\/site\/kirche-nimmt-fahrt-auf\/\" class=\"more-link\">Weiterlesen<span class='more-link-arrow avia-svg-icon avia-font-svg_entypo-fontello' data-av_svg_icon='right-open-big' data-av_iconset='svg_entypo-fontello'><svg version=\"1.1\" xmlns=\"http:\/\/www.w3.org\/2000\/svg\" width=\"15\" height=\"32\" viewBox=\"0 0 15 32\" preserveAspectRatio=\"xMidYMid meet\" role=\"graphics-symbol\" aria-hidden=\"true\">\n<path d=\"M0.416 27.84l11.456-11.84-11.456-11.904q-0.832-0.832 0-1.536 0.832-0.832 1.536 0l12.544 12.608q0.768 0.832 0 1.6l-12.544 12.608q-0.704 0.832-1.536 0-0.832-0.704 0-1.536z\"><\/path>\n<\/svg><\/span><\/a><\/div>\n<\/div><span class=\"post-meta-infos\"><\/span><footer class=\"entry-footer\"><\/footer><div class='post_delimiter'><\/div><\/div><div class=\"post_author_timeline\"><\/div><span class='hidden'>\n\t\t\t\t<span class='av-structured-data'  itemprop=\"image\" itemscope=\"itemscope\" itemtype=\"https:\/\/schema.org\/ImageObject\" >\n\t\t\t\t\t\t<span itemprop='url'>https:\/\/rkvw.ch\/site\/wp-content\/uploads\/2019\/11\/logo-5.png<\/span>\n\t\t\t\t\t\t<span itemprop='height'>0<\/span>\n\t\t\t\t\t\t<span itemprop='width'>0<\/span>\n\t\t\t\t<\/span>\n\t\t\t\t<span class='av-structured-data'  itemprop=\"publisher\" itemtype=\"https:\/\/schema.org\/Organization\" itemscope=\"itemscope\" >\n\t\t\t\t\t\t<span itemprop='name'>mail@claudiawehrli.ch<\/span>\n\t\t\t\t\t\t<span itemprop='logo' itemscope itemtype='https:\/\/schema.org\/ImageObject'>\n\t\t\t\t\t\t\t<span itemprop='url'>https:\/\/rkvw.ch\/site\/wp-content\/uploads\/2019\/11\/logo-5.png<\/span>\n\t\t\t\t\t\t<\/span>\n\t\t\t\t<\/span><span class='av-structured-data'  itemprop=\"author\" itemscope=\"itemscope\" itemtype=\"https:\/\/schema.org\/Person\" ><span itemprop='name'>mail@claudiawehrli.ch<\/span><\/span><span class='av-structured-data'  itemprop=\"datePublished\" datetime=\"2014-08-24T18:56:26+02:00\" >2014-08-24 18:56:26<\/span><span class='av-structured-data'  itemprop=\"dateModified\" itemtype=\"https:\/\/schema.org\/dateModified\" >2020-02-06 23:40:36<\/span><span class='av-structured-data'  itemprop=\"mainEntityOfPage\" itemtype=\"https:\/\/schema.org\/mainEntityOfPage\" ><span itemprop='name'>Kirche nimmt Fahrt auf<\/span><\/span><\/span><\/article><\/div><\/p><\/div>\n<style type=\"text\/css\" data-created_by=\"avia_inline_auto\" id=\"style-css-av-av_one_fifth-a456fd61927d1e2e9f32f09496263404\">\n#top .flex_column_table.av-equal-height-column-flextable.av-av_one_fifth-a456fd61927d1e2e9f32f09496263404{\nmargin-top:-60px;\nmargin-bottom:0px;\n}\n.flex_column.av-av_one_fifth-a456fd61927d1e2e9f32f09496263404{\nborder-radius:0px 0px 0px 0px;\npadding:30px 30px 30px 30px;\nbackground-color:#ffffff;\n}\n<\/style>\n<div  class='flex_column av-av_one_fifth-a456fd61927d1e2e9f32f09496263404 av_one_fifth no_margin flex_column_table_cell av-equal-height-column av-align-top  '     ><\/div><\/div><!--close column table wrapper. Autoclose: 1 -->\n","protected":false},"excerpt":{"rendered":"","protected":false},"author":1,"featured_media":0,"parent":0,"menu_order":0,"comment_status":"closed","ping_status":"closed","template":"","meta":{"_EventAllDay":false,"_EventTimezone":"","_EventStartDate":"","_EventEndDate":"","_EventStartDateUTC":"","_EventEndDateUTC":"","_EventShowMap":false,"_EventShowMapLink":false,"_EventURL":"","_EventCost":"","_EventCostDescription":"","_EventCurrencySymbol":"","_EventCurrencyCode":"","_EventCurrencyPosition":"","_EventDateTimeSeparator":"","_EventTimeRangeSeparator":"","_EventOrganizerID":[],"_EventVenueID":[],"_OrganizerEmail":"","_OrganizerPhone":"","_OrganizerWebsite":"","_VenueAddress":"","_VenueCity":"","_VenueCountry":"","_VenueProvince":"","_VenueState":"","_VenueZip":"","_VenuePhone":"","_VenueURL":"","_VenueStateProvince":"","_VenueLat":"","_VenueLng":"","_VenueShowMap":false,"_VenueShowMapLink":false,"footnotes":""},"class_list":["post-15","page","type-page","status-publish","hentry"],"yoast_head":"<!-- This site is optimized with the Yoast SEO plugin v27.4 - https:\/\/yoast.com\/product\/yoast-seo-wordpress\/ -->\n<title>inspirierend - Reformierter Kirchenverein Wollishofen<\/title>\n<meta name=\"description\" content=\"Eine Kirche, die sich immer reformieren will, muss sich stets wieder neu erfinden. Sie muss sich inspirieren lassen von der Welt und ihren Anliegen.\" \/>\n<meta name=\"robots\" content=\"index, follow, max-snippet:-1, max-image-preview:large, max-video-preview:-1\" \/>\n<link rel=\"canonical\" href=\"https:\/\/rkvw.ch\/site\/inspirierend\/\" \/>\n<meta property=\"og:locale\" content=\"de_DE\" \/>\n<meta property=\"og:type\" content=\"article\" \/>\n<meta property=\"og:title\" content=\"inspirierend - Reformierter Kirchenverein Wollishofen\" \/>\n<meta property=\"og:description\" content=\"Eine Kirche, die sich immer reformieren will, muss sich stets wieder neu erfinden. Sie muss sich inspirieren lassen von der Welt und ihren Anliegen.\" \/>\n<meta property=\"og:url\" content=\"https:\/\/rkvw.ch\/site\/inspirierend\/\" \/>\n<meta property=\"og:site_name\" content=\"Reformierter Kirchenverein Wollishofen\" \/>\n<meta property=\"article:modified_time\" content=\"2020-02-26T10:45:09+00:00\" \/>\n<meta name=\"twitter:card\" content=\"summary_large_image\" \/>\n<meta name=\"twitter:label1\" content=\"Gesch\u00e4tzte Lesezeit\" \/>\n\t<meta name=\"twitter:data1\" content=\"4\u00a0Minuten\" \/>\n<script type=\"application\/ld+json\" class=\"yoast-schema-graph\">{\"@context\":\"https:\\\/\\\/schema.org\",\"@graph\":[{\"@type\":\"WebPage\",\"@id\":\"https:\\\/\\\/rkvw.ch\\\/site\\\/inspirierend\\\/\",\"url\":\"https:\\\/\\\/rkvw.ch\\\/site\\\/inspirierend\\\/\",\"name\":\"inspirierend - Reformierter Kirchenverein Wollishofen\",\"isPartOf\":{\"@id\":\"https:\\\/\\\/rkvw.ch\\\/site\\\/#website\"},\"datePublished\":\"2015-05-15T15:08:52+00:00\",\"dateModified\":\"2020-02-26T10:45:09+00:00\",\"description\":\"Eine Kirche, die sich immer reformieren will, muss sich stets wieder neu erfinden. Sie muss sich inspirieren lassen von der Welt und ihren Anliegen.\",\"breadcrumb\":{\"@id\":\"https:\\\/\\\/rkvw.ch\\\/site\\\/inspirierend\\\/#breadcrumb\"},\"inLanguage\":\"de\",\"potentialAction\":[{\"@type\":\"ReadAction\",\"target\":[\"https:\\\/\\\/rkvw.ch\\\/site\\\/inspirierend\\\/\"]}]},{\"@type\":\"BreadcrumbList\",\"@id\":\"https:\\\/\\\/rkvw.ch\\\/site\\\/inspirierend\\\/#breadcrumb\",\"itemListElement\":[{\"@type\":\"ListItem\",\"position\":1,\"name\":\"Startseite\",\"item\":\"https:\\\/\\\/rkvw.ch\\\/site\\\/\"},{\"@type\":\"ListItem\",\"position\":2,\"name\":\"inspirierend\"}]},{\"@type\":\"WebSite\",\"@id\":\"https:\\\/\\\/rkvw.ch\\\/site\\\/#website\",\"url\":\"https:\\\/\\\/rkvw.ch\\\/site\\\/\",\"name\":\"Reformierter Kirchenverein Wollishofen\",\"description\":\"\",\"publisher\":{\"@id\":\"https:\\\/\\\/rkvw.ch\\\/site\\\/#organization\"},\"potentialAction\":[{\"@type\":\"SearchAction\",\"target\":{\"@type\":\"EntryPoint\",\"urlTemplate\":\"https:\\\/\\\/rkvw.ch\\\/site\\\/?s={search_term_string}\"},\"query-input\":{\"@type\":\"PropertyValueSpecification\",\"valueRequired\":true,\"valueName\":\"search_term_string\"}}],\"inLanguage\":\"de\"},{\"@type\":\"Organization\",\"@id\":\"https:\\\/\\\/rkvw.ch\\\/site\\\/#organization\",\"name\":\"Reformierter Kirchenverein Wollishofen\",\"url\":\"https:\\\/\\\/rkvw.ch\\\/site\\\/\",\"logo\":{\"@type\":\"ImageObject\",\"inLanguage\":\"de\",\"@id\":\"https:\\\/\\\/rkvw.ch\\\/site\\\/#\\\/schema\\\/logo\\\/image\\\/\",\"url\":\"https:\\\/\\\/rkvw.ch\\\/site\\\/wp-content\\\/uploads\\\/2019\\\/11\\\/logo-5.png\",\"contentUrl\":\"https:\\\/\\\/rkvw.ch\\\/site\\\/wp-content\\\/uploads\\\/2019\\\/11\\\/logo-5.png\",\"width\":898,\"height\":283,\"caption\":\"Reformierter Kirchenverein Wollishofen\"},\"image\":{\"@id\":\"https:\\\/\\\/rkvw.ch\\\/site\\\/#\\\/schema\\\/logo\\\/image\\\/\"}}]}<\/script>\n<!-- \/ Yoast SEO plugin. -->","yoast_head_json":{"title":"inspirierend - Reformierter Kirchenverein Wollishofen","description":"Eine Kirche, die sich immer reformieren will, muss sich stets wieder neu erfinden. Sie muss sich inspirieren lassen von der Welt und ihren Anliegen.","robots":{"index":"index","follow":"follow","max-snippet":"max-snippet:-1","max-image-preview":"max-image-preview:large","max-video-preview":"max-video-preview:-1"},"canonical":"https:\/\/rkvw.ch\/site\/inspirierend\/","og_locale":"de_DE","og_type":"article","og_title":"inspirierend - Reformierter Kirchenverein Wollishofen","og_description":"Eine Kirche, die sich immer reformieren will, muss sich stets wieder neu erfinden. Sie muss sich inspirieren lassen von der Welt und ihren Anliegen.","og_url":"https:\/\/rkvw.ch\/site\/inspirierend\/","og_site_name":"Reformierter Kirchenverein Wollishofen","article_modified_time":"2020-02-26T10:45:09+00:00","twitter_card":"summary_large_image","twitter_misc":{"Gesch\u00e4tzte Lesezeit":"4\u00a0Minuten"},"schema":{"@context":"https:\/\/schema.org","@graph":[{"@type":"WebPage","@id":"https:\/\/rkvw.ch\/site\/inspirierend\/","url":"https:\/\/rkvw.ch\/site\/inspirierend\/","name":"inspirierend - Reformierter Kirchenverein Wollishofen","isPartOf":{"@id":"https:\/\/rkvw.ch\/site\/#website"},"datePublished":"2015-05-15T15:08:52+00:00","dateModified":"2020-02-26T10:45:09+00:00","description":"Eine Kirche, die sich immer reformieren will, muss sich stets wieder neu erfinden. Sie muss sich inspirieren lassen von der Welt und ihren Anliegen.","breadcrumb":{"@id":"https:\/\/rkvw.ch\/site\/inspirierend\/#breadcrumb"},"inLanguage":"de","potentialAction":[{"@type":"ReadAction","target":["https:\/\/rkvw.ch\/site\/inspirierend\/"]}]},{"@type":"BreadcrumbList","@id":"https:\/\/rkvw.ch\/site\/inspirierend\/#breadcrumb","itemListElement":[{"@type":"ListItem","position":1,"name":"Startseite","item":"https:\/\/rkvw.ch\/site\/"},{"@type":"ListItem","position":2,"name":"inspirierend"}]},{"@type":"WebSite","@id":"https:\/\/rkvw.ch\/site\/#website","url":"https:\/\/rkvw.ch\/site\/","name":"Reformierter Kirchenverein Wollishofen","description":"","publisher":{"@id":"https:\/\/rkvw.ch\/site\/#organization"},"potentialAction":[{"@type":"SearchAction","target":{"@type":"EntryPoint","urlTemplate":"https:\/\/rkvw.ch\/site\/?s={search_term_string}"},"query-input":{"@type":"PropertyValueSpecification","valueRequired":true,"valueName":"search_term_string"}}],"inLanguage":"de"},{"@type":"Organization","@id":"https:\/\/rkvw.ch\/site\/#organization","name":"Reformierter Kirchenverein Wollishofen","url":"https:\/\/rkvw.ch\/site\/","logo":{"@type":"ImageObject","inLanguage":"de","@id":"https:\/\/rkvw.ch\/site\/#\/schema\/logo\/image\/","url":"https:\/\/rkvw.ch\/site\/wp-content\/uploads\/2019\/11\/logo-5.png","contentUrl":"https:\/\/rkvw.ch\/site\/wp-content\/uploads\/2019\/11\/logo-5.png","width":898,"height":283,"caption":"Reformierter Kirchenverein Wollishofen"},"image":{"@id":"https:\/\/rkvw.ch\/site\/#\/schema\/logo\/image\/"}}]}},"_links":{"self":[{"href":"https:\/\/rkvw.ch\/site\/wp-json\/wp\/v2\/pages\/15","targetHints":{"allow":["GET"]}}],"collection":[{"href":"https:\/\/rkvw.ch\/site\/wp-json\/wp\/v2\/pages"}],"about":[{"href":"https:\/\/rkvw.ch\/site\/wp-json\/wp\/v2\/types\/page"}],"author":[{"embeddable":true,"href":"https:\/\/rkvw.ch\/site\/wp-json\/wp\/v2\/users\/1"}],"replies":[{"embeddable":true,"href":"https:\/\/rkvw.ch\/site\/wp-json\/wp\/v2\/comments?post=15"}],"version-history":[{"count":52,"href":"https:\/\/rkvw.ch\/site\/wp-json\/wp\/v2\/pages\/15\/revisions"}],"predecessor-version":[{"id":2276,"href":"https:\/\/rkvw.ch\/site\/wp-json\/wp\/v2\/pages\/15\/revisions\/2276"}],"wp:attachment":[{"href":"https:\/\/rkvw.ch\/site\/wp-json\/wp\/v2\/media?parent=15"}],"curies":[{"name":"wp","href":"https:\/\/api.w.org\/{rel}","templated":true}]}}