{"id":96,"date":"2014-08-24T17:14:26","date_gmt":"2014-08-24T17:14:26","guid":{"rendered":"http:\/\/192.168.1.104\/enfold-blog\/?page_id=2"},"modified":"2024-06-21T20:33:23","modified_gmt":"2024-06-21T18:33:23","slug":"ueber-uns","status":"publish","type":"page","link":"https:\/\/rkvw.ch\/site\/ueber-uns\/","title":{"rendered":"Verein"},"content":{"rendered":"\n<style type=\"text\/css\" data-created_by=\"avia_inline_auto\" id=\"style-css-av-xyok-a19a1a060ad1a4dbfdb90c6092c88ca9\">\n.avia-section.av-xyok-a19a1a060ad1a4dbfdb90c6092c88ca9{\nbackground-repeat:no-repeat;\nbackground-image:url(https:\/\/rkvw.ch\/site\/wp-content\/uploads\/2017\/04\/ADSCN3723-e1493234561985.jpg);\nbackground-position:50% 50%;\nbackground-attachment:scroll;\n}\n.avia-section.av-xyok-a19a1a060ad1a4dbfdb90c6092c88ca9 .av-section-color-overlay{\nopacity:0.2;\nbackground-color:#000000;\n}\n<\/style>\n<div id='av_section_1'  class='avia-section av-xyok-a19a1a060ad1a4dbfdb90c6092c88ca9 main_color avia-section-large avia-no-shadow  avia-builder-el-0  el_before_av_section  avia-builder-el-first  avia-full-stretch avia-bg-style-scroll av-section-color-overlay-active av-minimum-height av-minimum-height-custom av-height-custom  container_wrap fullsize'  data-section-bg-repeat='stretch' data-av_minimum_height_px='500'><div class=\"av-section-color-overlay-wrap\"><div class=\"av-section-color-overlay\"><\/div><div class='container av-section-cont-open' style='height:500px'><main  role=\"main\" itemprop=\"mainContentOfPage\"  class='template-page content  av-content-full alpha units'><div class='post-entry post-entry-type-page post-entry-96'><div class='entry-content-wrapper clearfix'>\n<\/div><\/div><\/main><!-- close content main element --><\/div><\/div><\/div><div id='av_section_2'  class='avia-section av-8r6ak-68c531da4a3b2727d648118c588b800e main_color avia-section-small avia-no-border-styling  avia-builder-el-1  el_after_av_section  avia-builder-el-last  avia-bg-style-fixed container_wrap fullsize'  ><div class='container av-section-cont-open' ><div class='template-page content  av-content-full alpha units'><div class='post-entry post-entry-type-page post-entry-96'><div class='entry-content-wrapper clearfix'>\n<div class='flex_column_table av-87oac-00577374623f03f252268a4c5f4f4cc2 sc-av_one_fifth av-equal-height-column-flextable'>\n<style type=\"text\/css\" data-created_by=\"avia_inline_auto\" id=\"style-css-av-87oac-00577374623f03f252268a4c5f4f4cc2\">\n#top .flex_column_table.av-equal-height-column-flextable.av-87oac-00577374623f03f252268a4c5f4f4cc2{\nmargin-top:-60px;\nmargin-bottom:0px;\n}\n.flex_column.av-87oac-00577374623f03f252268a4c5f4f4cc2{\nborder-radius:0px 0px 0px 0px;\npadding:30px 30px 30px 30px;\nbackground-color:#ffffff;\n}\n<\/style>\n<div  class='flex_column av-87oac-00577374623f03f252268a4c5f4f4cc2 av_one_fifth  avia-builder-el-2  el_before_av_three_fifth  avia-builder-el-first  first no_margin flex_column_table_cell av-equal-height-column av-align-top  '     ><\/div>\n<style type=\"text\/css\" data-created_by=\"avia_inline_auto\" id=\"style-css-av-7e4h4-57c1946274acab33f7048f6ff28964fd\">\n#top .flex_column_table.av-equal-height-column-flextable.av-7e4h4-57c1946274acab33f7048f6ff28964fd{\nmargin-top:-60px;\nmargin-bottom:0px;\n}\n.flex_column.av-7e4h4-57c1946274acab33f7048f6ff28964fd{\nborder-radius:0px 0px 0px 0px;\npadding:30px 30px 30px 30px;\nbackground-color:#ffffff;\n}\n<\/style>\n<div  class='flex_column av-7e4h4-57c1946274acab33f7048f6ff28964fd av_three_fifth  avia-builder-el-3  el_after_av_one_fifth  el_before_av_one_fifth  no_margin flex_column_table_cell av-equal-height-column av-align-top  '     ><p>\n<style type=\"text\/css\" data-created_by=\"avia_inline_auto\" id=\"style-css-av-6qgxk-94a4577d8344a0162a90e265cef981a4\">\n#top .hr.hr-invisible.av-6qgxk-94a4577d8344a0162a90e265cef981a4{\nheight:30px;\n}\n<\/style>\n<div  class='hr av-6qgxk-94a4577d8344a0162a90e265cef981a4 hr-invisible  avia-builder-el-4  el_before_av_heading  avia-builder-el-first  av-small-hide av-mini-hide'><span class='hr-inner '><span class=\"hr-inner-style\"><\/span><\/span><\/div><br \/>\n\n<style type=\"text\/css\" data-created_by=\"avia_inline_auto\" id=\"style-css-av-63z4s-708ec45ab5180de8f3ca6a57a1c9862f\">\n#top .av-special-heading.av-63z4s-708ec45ab5180de8f3ca6a57a1c9862f{\npadding-bottom:0;\nfont-size:20px;\n}\nbody .av-special-heading.av-63z4s-708ec45ab5180de8f3ca6a57a1c9862f .av-special-heading-tag .heading-char{\nfont-size:25px;\n}\n#top #wrap_all .av-special-heading.av-63z4s-708ec45ab5180de8f3ca6a57a1c9862f .av-special-heading-tag{\nfont-size:20px;\n}\n.av-special-heading.av-63z4s-708ec45ab5180de8f3ca6a57a1c9862f .av-subheading{\nfont-size:15px;\n}\n\n@media only screen and (min-width: 480px) and (max-width: 767px){ \n#top #wrap_all .av-special-heading.av-63z4s-708ec45ab5180de8f3ca6a57a1c9862f .av-special-heading-tag{\nfont-size:0.8em;\n}\n}\n\n@media only screen and (max-width: 479px){ \n#top #wrap_all .av-special-heading.av-63z4s-708ec45ab5180de8f3ca6a57a1c9862f .av-special-heading-tag{\nfont-size:0.8em;\n}\n}\n<\/style>\n<div  class='av-special-heading av-63z4s-708ec45ab5180de8f3ca6a57a1c9862f av-special-heading-h1 blockquote modern-quote  avia-builder-el-5  el_after_av_hr  el_before_av_textblock  av-inherit-size'><h1 class='av-special-heading-tag '  itemprop=\"headline\"  >\u00dcber uns<\/h1><div class=\"special-heading-border\"><div class=\"special-heading-inner-border\"><\/div><\/div><\/div><br \/>\n<section  class='av_textblock_section av-k2ls-951ba13621eca7e7324518dcf999f6f7 '   itemscope=\"itemscope\" itemtype=\"https:\/\/schema.org\/CreativeWork\" ><div class='avia_textblock'  itemprop=\"text\" ><p>Wir feiern und bezeugen, dass Gott den Menschen nahe ist. Als Teil der Reformierten Kirche wollen wir verl\u00e4ssliche R\u00e4ume konkreter Zuwendung und Gemeinschaft schaffen.<\/p>\n<p>Gemeinschaft kann nur gelingen, wenn Menschen in Beziehung treten k\u00f6nnen. Solche Beziehungen entstehen wesentlich auch im Wohnquartier, in Verbindung mit seinen Bewohnerinnen und Bewohnern und den im Quartier beheimateten Institutionen.<\/p>\n<\/div><\/section><br \/>\n<div  class='hr av-55ylg-a8a701cde8fb885fce4facc393437b98 hr-default  avia-builder-el-7  el_after_av_textblock  el_before_av_heading '><span class='hr-inner '><span class=\"hr-inner-style\"><\/span><\/span><\/div><br \/>\n\n<style type=\"text\/css\" data-created_by=\"avia_inline_auto\" id=\"style-css-av-4c4tw-acf556fbfab75a1b1e118994263cb526\">\n#top .av-special-heading.av-4c4tw-acf556fbfab75a1b1e118994263cb526{\npadding-bottom:0;\nfont-size:20px;\n}\nbody .av-special-heading.av-4c4tw-acf556fbfab75a1b1e118994263cb526 .av-special-heading-tag .heading-char{\nfont-size:25px;\n}\n#top #wrap_all .av-special-heading.av-4c4tw-acf556fbfab75a1b1e118994263cb526 .av-special-heading-tag{\nfont-size:20px;\n}\n.av-special-heading.av-4c4tw-acf556fbfab75a1b1e118994263cb526 .av-subheading{\nfont-size:15px;\n}\n\n@media only screen and (min-width: 480px) and (max-width: 767px){ \n#top #wrap_all .av-special-heading.av-4c4tw-acf556fbfab75a1b1e118994263cb526 .av-special-heading-tag{\nfont-size:0.8em;\n}\n}\n\n@media only screen and (max-width: 479px){ \n#top #wrap_all .av-special-heading.av-4c4tw-acf556fbfab75a1b1e118994263cb526 .av-special-heading-tag{\nfont-size:0.8em;\n}\n}\n<\/style>\n<div  class='av-special-heading av-4c4tw-acf556fbfab75a1b1e118994263cb526 av-special-heading-h1 blockquote modern-quote  avia-builder-el-8  el_after_av_hr  el_before_av_textblock  av-inherit-size'><h1 class='av-special-heading-tag '  itemprop=\"headline\"  >Vereinszweck<\/h1><div class=\"special-heading-border\"><div class=\"special-heading-inner-border\"><\/div><\/div><\/div><br \/>\n<section  class='av_textblock_section av-3pbzw-a9a1479ec682a3affce3b2520eedad47 '   itemscope=\"itemscope\" itemtype=\"https:\/\/schema.org\/CreativeWork\" ><div class='avia_textblock'  itemprop=\"text\" ><p>Wo die kirchlichen Strukturen im Rahmen des gesellschaftlichen Wandels geb\u00fcndelt und an zentralen Orten zusammengef\u00fchrt werden m\u00fcssen, w\u00e4chst die Distanz. Der Reformierte Kirchenverein Wollishofen will einen Beitrag leisten, die Beziehung zwischen der Reformierten Kirche Z\u00fcrich und dem Quartier tragf\u00e4hig zu erhalten \u2013 dank seiner N\u00e4he und seiner Verbundenheit mit Kirche und Quartier. Er will die Anliegen der Kirche nach Wollishofen tragen und Aktivit\u00e4ten f\u00f6rdern, welche mit dem Auftrag der Reformierten Kirche in Verbindung stehen und direkt oder indirekt dem Quartier Z\u00fcrich Wollishofen zugutekommen.<\/p>\n<p>Der Reformierte Kirchenverein Wollishofen will Gemeinschaft pflegen und leben und Unterst\u00fctzung bieten da, wo es notwendig ist, er will einen Beitrag leisten, damit die Verbindung zwischen Kirche und Quartier lebendig bleibt, und er will die Auseinandersetzung f\u00f6rdern mit christlichen und reformatorischen Anliegen unter den reformierten Kirchenmitgliedern und den interessierten Nicht-Reformierten im Quartier.<\/p>\n<p>Der Verein verfolgt keine kommerziellen Zwecke und erstrebt keinen Gewinn. Die Organe sind ehrenamtlich t\u00e4tig. Der Verein ist politisch neutral.<\/p>\n<p><a href=\"http:\/\/rkvw.ch\/site\/wp-content\/uploads\/2017\/01\/statuten.pdf\">Statuten (PDF)<\/a><\/p>\n<\/div><\/section><br \/>\n<div  class='hr av-38xes-73662a080a01ac3050cbc8d51e342d74 hr-default  avia-builder-el-10  el_after_av_textblock  el_before_av_heading '><span class='hr-inner '><span class=\"hr-inner-style\"><\/span><\/span><\/div><br \/>\n\n<style type=\"text\/css\" data-created_by=\"avia_inline_auto\" id=\"style-css-av-2sujw-9c937f2d3ab060704399a48138ebcad9\">\n#top .av-special-heading.av-2sujw-9c937f2d3ab060704399a48138ebcad9{\npadding-bottom:20px;\nfont-size:20px;\n}\nbody .av-special-heading.av-2sujw-9c937f2d3ab060704399a48138ebcad9 .av-special-heading-tag .heading-char{\nfont-size:25px;\n}\n#top #wrap_all .av-special-heading.av-2sujw-9c937f2d3ab060704399a48138ebcad9 .av-special-heading-tag{\nfont-size:20px;\n}\n.av-special-heading.av-2sujw-9c937f2d3ab060704399a48138ebcad9 .av-subheading{\nfont-size:15px;\n}\n\n@media only screen and (min-width: 480px) and (max-width: 767px){ \n#top #wrap_all .av-special-heading.av-2sujw-9c937f2d3ab060704399a48138ebcad9 .av-special-heading-tag{\nfont-size:0.8em;\n}\n}\n\n@media only screen and (max-width: 479px){ \n#top #wrap_all .av-special-heading.av-2sujw-9c937f2d3ab060704399a48138ebcad9 .av-special-heading-tag{\nfont-size:0.8em;\n}\n}\n<\/style>\n<div  class='av-special-heading av-2sujw-9c937f2d3ab060704399a48138ebcad9 av-special-heading-h1 blockquote modern-quote  avia-builder-el-11  el_after_av_hr  el_before_av_textblock  av-inherit-size'><h1 class='av-special-heading-tag '  itemprop=\"headline\"  >Hintergrund<\/h1><div class=\"special-heading-border\"><div class=\"special-heading-inner-border\"><\/div><\/div><\/div><br \/>\n<section  class='av_textblock_section av-6q1s-10618ae477897f712c42edbe19fa7163 '   itemscope=\"itemscope\" itemtype=\"https:\/\/schema.org\/CreativeWork\" ><div class='avia_textblock'  itemprop=\"text\" ><h3><\/h3>\n<h3>Geschichte<\/h3>\n<p>Der Reformierte Kirchenverein Wollishofen wurde im Jahr 2015 gegr\u00fcndet mit Unterst\u00fctzung der Kirchenpflege der Reformierten Kirchgemeinde Wollishofen. Die Vereinsgr\u00fcndung erfolgte im Hinblick auf die Fusion der fr\u00fcheren Quartier-Kirchgemeinden zur heutigen gesamtst\u00e4dtischen Kirchgemeinde Z\u00fcrich mit der Idee, die Vernetzung der Kirche im Quartier zu erhalten und der Stadtkirche weiterhin einfache, informelle Zug\u00e4nge in die Quartierstrukturen zu erm\u00f6glichen.<\/p>\n<h3>Bezug zur Landeskirche<\/h3>\n<p>Der Reformierte Kirchenverein Wollishofen versteht sich als eng mit der evangelisch-reformierten Landeskirche verbunden. Er will die Kirchgemeinde Z\u00fcrich\u00a0 unterst\u00fctzen und Aktivit\u00e4ten f\u00f6rdern, welche mit dem Auftrag der evangelisch-reformierten Kirche in Verbindung stehen und direkt oder indirekt dem Quartier Z\u00fcrich Wollishofen zugutekommen.<\/p>\n<h3>Unterst\u00fctzen<\/h3>\n<p>Mittels <a href=\"http:\/\/rkvw.ch\/site\/contact\/\">Mitgliedschaft<\/a> oder <a href=\"http:\/\/rkvw.ch\/site\/contact\/\">Spende<\/a><\/p>\n<\/div><\/section><br \/>\n<div  class='hr av-10gcc-e3927d78fd4e0211d1656adf9b4f5281 hr-default  avia-builder-el-13  el_after_av_textblock  el_before_av_heading '><span class='hr-inner '><span class=\"hr-inner-style\"><\/span><\/span><\/div><br \/>\n\n<style type=\"text\/css\" data-created_by=\"avia_inline_auto\" id=\"style-css-av-lxp0rggw-f770c8fbcafa298b5518cd508a10f27f\">\n#top .av-special-heading.av-lxp0rggw-f770c8fbcafa298b5518cd508a10f27f{\npadding-bottom:10px;\nfont-size:20px;\n}\nbody .av-special-heading.av-lxp0rggw-f770c8fbcafa298b5518cd508a10f27f .av-special-heading-tag .heading-char{\nfont-size:25px;\n}\n#top #wrap_all .av-special-heading.av-lxp0rggw-f770c8fbcafa298b5518cd508a10f27f .av-special-heading-tag{\nfont-size:20px;\n}\n.av-special-heading.av-lxp0rggw-f770c8fbcafa298b5518cd508a10f27f .av-subheading{\nfont-size:15px;\n}\n\n@media only screen and (min-width: 480px) and (max-width: 767px){ \n#top #wrap_all .av-special-heading.av-lxp0rggw-f770c8fbcafa298b5518cd508a10f27f .av-special-heading-tag{\nfont-size:0.8em;\n}\n}\n\n@media only screen and (max-width: 479px){ \n#top #wrap_all .av-special-heading.av-lxp0rggw-f770c8fbcafa298b5518cd508a10f27f .av-special-heading-tag{\nfont-size:0.8em;\n}\n}\n<\/style>\n<div  class='av-special-heading av-lxp0rggw-f770c8fbcafa298b5518cd508a10f27f av-special-heading-h1 blockquote modern-quote  avia-builder-el-14  el_after_av_hr  el_before_av_textblock  av-inherit-size'><h1 class='av-special-heading-tag '  itemprop=\"headline\"  >Vorstand<\/h1><div class=\"special-heading-border\"><div class=\"special-heading-inner-border\"><\/div><\/div><\/div><br \/>\n<section  class='av_textblock_section av-lxp0s8kh-35daddb9397d6a368ec1c8833a539021 '   itemscope=\"itemscope\" itemtype=\"https:\/\/schema.org\/CreativeWork\" ><div class='avia_textblock'  itemprop=\"text\" ><ul>\n<li>Bernd Wurzbach, Pr\u00e4sident<\/li>\n<li>Fredi Graf, Aktuar und Kassier<\/li>\n<li>Pfr. J\u00fcrg Baumgartner, Beisitzer<\/li>\n<li>Markus Hubschmid, Beisitzer<\/li>\n<li>Susanne Jenny, Beisitzerin<\/li>\n<li>Dorlyse Meyer-Vessaz, Beisitzerin<\/li>\n<\/ul>\n<\/div><\/section><br \/>\n<div  class='hr av-1hip0-10363bbf873ce15477a07680ea4c4f33 hr-default  avia-builder-el-16  el_after_av_textblock  avia-builder-el-last '><span class='hr-inner '><span class=\"hr-inner-style\"><\/span><\/span><\/div><\/p><\/div>\n<style type=\"text\/css\" data-created_by=\"avia_inline_auto\" id=\"style-css-av-sguc-48c2d5fd3694ddbd273a3e2aad22ddcc\">\n#top .flex_column_table.av-equal-height-column-flextable.av-sguc-48c2d5fd3694ddbd273a3e2aad22ddcc{\nmargin-top:-60px;\nmargin-bottom:0px;\n}\n.flex_column.av-sguc-48c2d5fd3694ddbd273a3e2aad22ddcc{\nborder-radius:0px 0px 0px 0px;\npadding:30px 30px 30px 30px;\nbackground-color:#ffffff;\n}\n<\/style>\n<div  class='flex_column av-sguc-48c2d5fd3694ddbd273a3e2aad22ddcc av_one_fifth  avia-builder-el-17  el_after_av_three_fifth  avia-builder-el-last  no_margin flex_column_table_cell av-equal-height-column av-align-top  '     ><\/div><\/div><!--close column table wrapper. Autoclose: 1 -->\n","protected":false},"excerpt":{"rendered":"","protected":false},"author":1,"featured_media":0,"parent":0,"menu_order":0,"comment_status":"open","ping_status":"open","template":"","meta":{"_EventAllDay":false,"_EventTimezone":"","_EventStartDate":"","_EventEndDate":"","_EventStartDateUTC":"","_EventEndDateUTC":"","_EventShowMap":false,"_EventShowMapLink":false,"_EventURL":"","_EventCost":"","_EventCostDescription":"","_EventCurrencySymbol":"","_EventCurrencyCode":"","_EventCurrencyPosition":"","_EventDateTimeSeparator":"","_EventTimeRangeSeparator":"","_EventOrganizerID":[],"_EventVenueID":[],"_OrganizerEmail":"","_OrganizerPhone":"","_OrganizerWebsite":"","_VenueAddress":"","_VenueCity":"","_VenueCountry":"","_VenueProvince":"","_VenueState":"","_VenueZip":"","_VenuePhone":"","_VenueURL":"","_VenueStateProvince":"","_VenueLat":"","_VenueLng":"","_VenueShowMap":false,"_VenueShowMapLink":false,"footnotes":""},"class_list":["post-96","page","type-page","status-publish","hentry"],"yoast_head":"<!-- This site is optimized with the Yoast SEO plugin v27.4 - https:\/\/yoast.com\/product\/yoast-seo-wordpress\/ -->\n<title>Verein - Reformierter Kirchenverein Wollishofen<\/title>\n<meta name=\"description\" content=\"Der RKVW will die Kirchgemeinde Z\u00fcrich\u00a0unterst\u00fctzen und Aktivit\u00e4ten f\u00f6rdern, welche direkt oder indirekt dem Quartier Z\u00fcrich Wollishofen zugutekommen.\" \/>\n<meta name=\"robots\" content=\"index, follow, max-snippet:-1, max-image-preview:large, max-video-preview:-1\" \/>\n<link rel=\"canonical\" href=\"https:\/\/rkvw.ch\/site\/ueber-uns\/\" \/>\n<meta property=\"og:locale\" content=\"de_DE\" \/>\n<meta property=\"og:type\" content=\"article\" \/>\n<meta property=\"og:title\" content=\"Verein - Reformierter Kirchenverein Wollishofen\" \/>\n<meta property=\"og:description\" content=\"Der RKVW will die Kirchgemeinde Z\u00fcrich\u00a0unterst\u00fctzen und Aktivit\u00e4ten f\u00f6rdern, welche direkt oder indirekt dem Quartier Z\u00fcrich Wollishofen zugutekommen.\" \/>\n<meta property=\"og:url\" content=\"https:\/\/rkvw.ch\/site\/ueber-uns\/\" \/>\n<meta property=\"og:site_name\" content=\"Reformierter Kirchenverein Wollishofen\" \/>\n<meta property=\"article:modified_time\" content=\"2024-06-21T18:33:23+00:00\" \/>\n<meta name=\"twitter:card\" content=\"summary_large_image\" \/>\n<meta name=\"twitter:label1\" content=\"Gesch\u00e4tzte Lesezeit\" \/>\n\t<meta name=\"twitter:data1\" content=\"2\u00a0Minuten\" \/>\n<script type=\"application\/ld+json\" class=\"yoast-schema-graph\">{\"@context\":\"https:\\\/\\\/schema.org\",\"@graph\":[{\"@type\":\"WebPage\",\"@id\":\"https:\\\/\\\/rkvw.ch\\\/site\\\/ueber-uns\\\/\",\"url\":\"https:\\\/\\\/rkvw.ch\\\/site\\\/ueber-uns\\\/\",\"name\":\"Verein - Reformierter Kirchenverein Wollishofen\",\"isPartOf\":{\"@id\":\"https:\\\/\\\/rkvw.ch\\\/site\\\/#website\"},\"datePublished\":\"2014-08-24T17:14:26+00:00\",\"dateModified\":\"2024-06-21T18:33:23+00:00\",\"description\":\"Der RKVW will die Kirchgemeinde Z\u00fcrich\u00a0unterst\u00fctzen und Aktivit\u00e4ten f\u00f6rdern, welche direkt oder indirekt dem Quartier Z\u00fcrich Wollishofen zugutekommen.\",\"breadcrumb\":{\"@id\":\"https:\\\/\\\/rkvw.ch\\\/site\\\/ueber-uns\\\/#breadcrumb\"},\"inLanguage\":\"de\",\"potentialAction\":[{\"@type\":\"ReadAction\",\"target\":[\"https:\\\/\\\/rkvw.ch\\\/site\\\/ueber-uns\\\/\"]}]},{\"@type\":\"BreadcrumbList\",\"@id\":\"https:\\\/\\\/rkvw.ch\\\/site\\\/ueber-uns\\\/#breadcrumb\",\"itemListElement\":[{\"@type\":\"ListItem\",\"position\":1,\"name\":\"Startseite\",\"item\":\"https:\\\/\\\/rkvw.ch\\\/site\\\/\"},{\"@type\":\"ListItem\",\"position\":2,\"name\":\"Verein\"}]},{\"@type\":\"WebSite\",\"@id\":\"https:\\\/\\\/rkvw.ch\\\/site\\\/#website\",\"url\":\"https:\\\/\\\/rkvw.ch\\\/site\\\/\",\"name\":\"Reformierter Kirchenverein Wollishofen\",\"description\":\"\",\"publisher\":{\"@id\":\"https:\\\/\\\/rkvw.ch\\\/site\\\/#organization\"},\"potentialAction\":[{\"@type\":\"SearchAction\",\"target\":{\"@type\":\"EntryPoint\",\"urlTemplate\":\"https:\\\/\\\/rkvw.ch\\\/site\\\/?s={search_term_string}\"},\"query-input\":{\"@type\":\"PropertyValueSpecification\",\"valueRequired\":true,\"valueName\":\"search_term_string\"}}],\"inLanguage\":\"de\"},{\"@type\":\"Organization\",\"@id\":\"https:\\\/\\\/rkvw.ch\\\/site\\\/#organization\",\"name\":\"Reformierter Kirchenverein Wollishofen\",\"url\":\"https:\\\/\\\/rkvw.ch\\\/site\\\/\",\"logo\":{\"@type\":\"ImageObject\",\"inLanguage\":\"de\",\"@id\":\"https:\\\/\\\/rkvw.ch\\\/site\\\/#\\\/schema\\\/logo\\\/image\\\/\",\"url\":\"https:\\\/\\\/rkvw.ch\\\/site\\\/wp-content\\\/uploads\\\/2019\\\/11\\\/logo-5.png\",\"contentUrl\":\"https:\\\/\\\/rkvw.ch\\\/site\\\/wp-content\\\/uploads\\\/2019\\\/11\\\/logo-5.png\",\"width\":898,\"height\":283,\"caption\":\"Reformierter Kirchenverein Wollishofen\"},\"image\":{\"@id\":\"https:\\\/\\\/rkvw.ch\\\/site\\\/#\\\/schema\\\/logo\\\/image\\\/\"}}]}<\/script>\n<!-- \/ Yoast SEO plugin. -->","yoast_head_json":{"title":"Verein - Reformierter Kirchenverein Wollishofen","description":"Der RKVW will die Kirchgemeinde Z\u00fcrich\u00a0unterst\u00fctzen und Aktivit\u00e4ten f\u00f6rdern, welche direkt oder indirekt dem Quartier Z\u00fcrich Wollishofen zugutekommen.","robots":{"index":"index","follow":"follow","max-snippet":"max-snippet:-1","max-image-preview":"max-image-preview:large","max-video-preview":"max-video-preview:-1"},"canonical":"https:\/\/rkvw.ch\/site\/ueber-uns\/","og_locale":"de_DE","og_type":"article","og_title":"Verein - Reformierter Kirchenverein Wollishofen","og_description":"Der RKVW will die Kirchgemeinde Z\u00fcrich\u00a0unterst\u00fctzen und Aktivit\u00e4ten f\u00f6rdern, welche direkt oder indirekt dem Quartier Z\u00fcrich Wollishofen zugutekommen.","og_url":"https:\/\/rkvw.ch\/site\/ueber-uns\/","og_site_name":"Reformierter Kirchenverein Wollishofen","article_modified_time":"2024-06-21T18:33:23+00:00","twitter_card":"summary_large_image","twitter_misc":{"Gesch\u00e4tzte Lesezeit":"2\u00a0Minuten"},"schema":{"@context":"https:\/\/schema.org","@graph":[{"@type":"WebPage","@id":"https:\/\/rkvw.ch\/site\/ueber-uns\/","url":"https:\/\/rkvw.ch\/site\/ueber-uns\/","name":"Verein - Reformierter Kirchenverein Wollishofen","isPartOf":{"@id":"https:\/\/rkvw.ch\/site\/#website"},"datePublished":"2014-08-24T17:14:26+00:00","dateModified":"2024-06-21T18:33:23+00:00","description":"Der RKVW will die Kirchgemeinde Z\u00fcrich\u00a0unterst\u00fctzen und Aktivit\u00e4ten f\u00f6rdern, welche direkt oder indirekt dem Quartier Z\u00fcrich Wollishofen zugutekommen.","breadcrumb":{"@id":"https:\/\/rkvw.ch\/site\/ueber-uns\/#breadcrumb"},"inLanguage":"de","potentialAction":[{"@type":"ReadAction","target":["https:\/\/rkvw.ch\/site\/ueber-uns\/"]}]},{"@type":"BreadcrumbList","@id":"https:\/\/rkvw.ch\/site\/ueber-uns\/#breadcrumb","itemListElement":[{"@type":"ListItem","position":1,"name":"Startseite","item":"https:\/\/rkvw.ch\/site\/"},{"@type":"ListItem","position":2,"name":"Verein"}]},{"@type":"WebSite","@id":"https:\/\/rkvw.ch\/site\/#website","url":"https:\/\/rkvw.ch\/site\/","name":"Reformierter Kirchenverein Wollishofen","description":"","publisher":{"@id":"https:\/\/rkvw.ch\/site\/#organization"},"potentialAction":[{"@type":"SearchAction","target":{"@type":"EntryPoint","urlTemplate":"https:\/\/rkvw.ch\/site\/?s={search_term_string}"},"query-input":{"@type":"PropertyValueSpecification","valueRequired":true,"valueName":"search_term_string"}}],"inLanguage":"de"},{"@type":"Organization","@id":"https:\/\/rkvw.ch\/site\/#organization","name":"Reformierter Kirchenverein Wollishofen","url":"https:\/\/rkvw.ch\/site\/","logo":{"@type":"ImageObject","inLanguage":"de","@id":"https:\/\/rkvw.ch\/site\/#\/schema\/logo\/image\/","url":"https:\/\/rkvw.ch\/site\/wp-content\/uploads\/2019\/11\/logo-5.png","contentUrl":"https:\/\/rkvw.ch\/site\/wp-content\/uploads\/2019\/11\/logo-5.png","width":898,"height":283,"caption":"Reformierter Kirchenverein Wollishofen"},"image":{"@id":"https:\/\/rkvw.ch\/site\/#\/schema\/logo\/image\/"}}]}},"_links":{"self":[{"href":"https:\/\/rkvw.ch\/site\/wp-json\/wp\/v2\/pages\/96","targetHints":{"allow":["GET"]}}],"collection":[{"href":"https:\/\/rkvw.ch\/site\/wp-json\/wp\/v2\/pages"}],"about":[{"href":"https:\/\/rkvw.ch\/site\/wp-json\/wp\/v2\/types\/page"}],"author":[{"embeddable":true,"href":"https:\/\/rkvw.ch\/site\/wp-json\/wp\/v2\/users\/1"}],"replies":[{"embeddable":true,"href":"https:\/\/rkvw.ch\/site\/wp-json\/wp\/v2\/comments?post=96"}],"version-history":[{"count":104,"href":"https:\/\/rkvw.ch\/site\/wp-json\/wp\/v2\/pages\/96\/revisions"}],"predecessor-version":[{"id":2357,"href":"https:\/\/rkvw.ch\/site\/wp-json\/wp\/v2\/pages\/96\/revisions\/2357"}],"wp:attachment":[{"href":"https:\/\/rkvw.ch\/site\/wp-json\/wp\/v2\/media?parent=96"}],"curies":[{"name":"wp","href":"https:\/\/api.w.org\/{rel}","templated":true}]}}